{"id":2438,"date":"2024-03-27T16:32:04","date_gmt":"2024-03-27T15:32:04","guid":{"rendered":"https:\/\/wordpress2403459.home.pl\/autoinstalator\/2lo\/?page_id=2438"},"modified":"2025-09-19T08:01:30","modified_gmt":"2025-09-19T06:01:30","slug":"kalendarium","status":"publish","type":"page","link":"https:\/\/plater.edu.pl\/liceum\/kalendarium\/","title":{"rendered":"Kalendarium"},"content":{"rendered":"<div id=\"tdi_1\" class=\"tdc-zone\"><div class=\"tdc_zone tdi_2  wpb_row td-pb-row\"  >\n<style scoped>\n\/* custom css - generated by TagDiv Composer *\/\n\n\/* custom css - generated by TagDiv Composer *\/\n\/* custom css - generated by TagDiv Composer *\/\n.tdi_2{\r\n                    min-height: 0;\r\n                }\n<\/style><div id=\"tdi_3\" class=\"tdc-row\"><div class=\"vc_row tdi_4  wpb_row td-pb-row\" >\n<style scoped>\n\/* custom css - generated by TagDiv Composer *\/\n\n\/* custom css - generated by TagDiv Composer *\/\n\/* custom css - generated by TagDiv Composer *\/\n.tdi_4,\r\n                .tdi_4 .tdc-columns{\r\n                    min-height: 0;\r\n                }.tdi_4,\r\n\t\t\t\t.tdi_4 .tdc-columns{\r\n\t\t\t\t    display: block;\r\n\t\t\t\t}.tdi_4 .tdc-columns{\r\n\t\t\t\t    width: 100%;\r\n\t\t\t\t}\n\/* inline tdc_css att - generated by TagDiv Composer *\/\n\n.tdi_4{\npadding-top:40px !important;\npadding-bottom:40px !important;\n}\n\n.tdi_4 .td_block_wrap{ text-align:left }\n\n<\/style><div class=\"vc_column tdi_6  wpb_column vc_column_container tdc-column td-pb-span12\">\n<style scoped>\n\/* custom css - generated by TagDiv Composer *\/\n\n\/* custom css - generated by TagDiv Composer *\/\n\/* custom css - generated by TagDiv Composer *\/\n.tdi_6{\r\n                    vertical-align: baseline;\r\n                }.tdi_6 > .wpb_wrapper,\r\n\t\t\t\t.tdi_6 > .wpb_wrapper > .tdc-elements{\r\n\t\t\t\t    display: block;\r\n\t\t\t\t}.tdi_6 > .wpb_wrapper > .tdc-elements{\r\n\t\t\t\t    width: 100%;\r\n\t\t\t\t}.tdi_6 > .wpb_wrapper > .vc_row_inner{\r\n\t\t\t\t    width: auto;\r\n\t\t\t\t}.tdi_6 > .wpb_wrapper{\r\n\t\t\t\t    width: auto;\r\n\t\t\t\t    height: auto;\r\n\t\t\t\t}\n<\/style><div class=\"wpb_wrapper\" ><div class=\"wpb_wrapper td_block_single_image td_block_wrap  td-animation-stack td_block_wrap vc_single_image tdi_7  td-single-image- td-pb-border-top td_block_template_1 \"  data-td-block-uid=\"tdi_7\"><span \r\n                            class=\"td_single_image_bg td-lazy-img\" \r\n                            data-type=\"css_image\" \r\n                            data-img-url=\"https:\/\/plater.edu.pl\/liceum\/wp-content\/uploads\/2024\/03\/terminy-konsultacji.jpg\"  ><\/span>\n<style>\n\/* custom css - generated by TagDiv Composer *\/\n\/* custom css - generated by TagDiv Composer *\/\n\r\n                .td_block_single_image.td-image-video-modal{\r\n                  cursor: pointer;\r\n                }.td_block_single_image .td_single_image_bg{\r\n                  display: block;\r\n                }.td_block_single_image.td-no-img-custom-url .td_single_image_bg{\r\n                  pointer-events: none;\r\n                  cursor: default;\r\n                }.vc_single_image a{\r\n                  position: relative;\r\n                }.td-single-image-style-rounded .td_single_image_bg,\r\n                .td-single-image-style-rounded .td_single_image_bg:before,\r\n                .td-single-image-style-rounded .td_single_image_bg:after{\r\n                  border-radius: 4px;\r\n                }.td-single-image-style-border,\r\n                .td-single-image-style-round-border,\r\n                .td-single-image-style-circle-border,\r\n                .td-single-image-style-outline,\r\n                .td-single-image-style-bordered-shadow,\r\n                .td-single-image-style-round-outline,\r\n                .td-single-image-style-round-border-shadow,\r\n                .td-single-image-style-circle-outline,\r\n                .td-single-image-style-circle-border-shadow{\r\n                  margin-bottom: 22px;\r\n                  background-color: #EBEBEB;\r\n                }.td-single-image-style-border,\r\n                .td-single-image-style-round-border,\r\n                .td-single-image-style-circle-border{\r\n                  padding: 6px;\r\n                }.td-single-image-style-outline,\r\n                .td-single-image-style-bordered-shadow,\r\n                .td-single-image-style-round-outline,\r\n                .td-single-image-style-round-border-shadow,\r\n                .td-single-image-style-circle-outline,\r\n                .td-single-image-style-circle-border-shadow{\r\n                  padding: 1px;\r\n                }.td-single-image-style-outline .td_single_image_bg:before,\r\n                .td-single-image-style-bordered-shadow .td_single_image_bg:before,\r\n                .td-single-image-style-round-outline .td_single_image_bg:before,\r\n                .td-single-image-style-round-border-shadow .td_single_image_bg:before,\r\n                .td-single-image-style-circle-outline .td_single_image_bg:before,\r\n                .td-single-image-style-circle-border-shadow .td_single_image_bg:before,\r\n                .td-single-image-style-outline a:after,\r\n                .td-single-image-style-bordered-shadow .td_single_image_bg:after,\r\n                .td-single-image-style-round-outline .td_single_image_bg:after,\r\n                .td-single-image-style-round-border-shadow .td_single_image_bg:after,\r\n                .td-single-image-style-circle-outline .td_single_image_bg:after,\r\n                .td-single-image-style-circle-border-shadow .td_single_image_bg:after{\r\n                  content: '';\r\n                  position: absolute;\r\n                  top: 0;\r\n                  left: 0;\r\n                  width: 100%;\r\n                  height: 100%;\r\n                }.td-single-image-style-outline .td_single_image_bg:after,\r\n                .td-single-image-style-bordered-shadow .td_single_image_bg:after,\r\n                .td-single-image-style-round-outline .td_single_image_bg:after,\r\n                .td-single-image-style-round-border-shadow .td_single_image_bg:after,\r\n                .td-single-image-style-circle-outline .td_single_image_bg:after,\r\n                .td-single-image-style-circle-border-shadow .td_single_image_bg:after{\r\n                  color: #fff;\r\n                  -webkit-box-shadow: inset 0px 0px 0px 6px;\r\n                  box-shadow: inset 0px 0px 0px 6px;\r\n                }.td-single-image-style-outline .td_single_image_bg:before,\r\n                .td-single-image-style-bordered-shadow .td_single_image_bg:before,\r\n                .td-single-image-style-round-outline .td_single_image_bg:before,\r\n                .td-single-image-style-round-border-shadow .td_single_image_bg:before,\r\n                .td-single-image-style-circle-outline .td_single_image_bg:before,\r\n                .td-single-image-style-circle-border-shadow .td_single_image_bg:before{\r\n                  color: #EBEBEB;\r\n                  -webkit-box-shadow: inset 0px 0px 0px 7px;\r\n                  box-shadow: inset 0px 0px 0px 7px;\r\n                }.td-single-image-style-shadow .td_single_image_bg,\r\n                .td-single-image-style-bordered-shadow .td_single_image_bg,\r\n                .td-single-image-style-round-shadow .td_single_image_bg,\r\n                .td-single-image-style-round-border-shadow .td_single_image_bg,\r\n                .td-single-image-style-circle-shadow .td_single_image_bg,\r\n                .td-single-image-style-circle-border-shadow .td_single_image_bg{\r\n                  -webkit-box-shadow: 0 0 6px rgba(0, 0, 0, 0.1);\r\n                  box-shadow: 0 0 6px rgba(0, 0, 0, 0.1);\r\n                }.td-single-image-style-3d-shadow{\r\n                  position: relative;\r\n                }.td-single-image-style-3d-shadow:before,\r\n                .td-single-image-style-3d-shadow:after{\r\n                  content: '';\r\n                  position: absolute;\r\n                  bottom: 0;\r\n                  height: 30%;\r\n                  -webkit-box-shadow: 0 15px 10px rgba(0, 0, 0, 0.6);\r\n                  box-shadow: 0 15px 10px rgba(0, 0, 0, 0.6);\r\n                  z-index: 0;\r\n                }.td-single-image-style-3d-shadow:before{\r\n                  left: 5px;\r\n                  right: 50%;\r\n                  -webkit-transform: skewY(-6deg);\r\n                  transform: skewY(-6deg);\r\n                  -webkit-transform-origin: 0 0;\r\n                  transform-origin: 0 0;\r\n                }.td-single-image-style-3d-shadow:after{\r\n                  left: 50%;\r\n                  right: 5px;\r\n                  -webkit-transform: skewY(6deg);\r\n                  transform: skewY(6deg);\r\n                  -webkit-transform-origin: 100% 0;\r\n                  transform-origin: 100% 0;\r\n                }.td-single-image-style-3d-shadow .td_single_image_bg{\r\n                  z-index: 1;\r\n                }.td-single-image-style-round,\r\n                .td-single-image-style-round-border,\r\n                .td-single-image-style-round-outline,\r\n                .td-single-image-style-round-shadow,\r\n                .td-single-image-style-round-border-shadow,\r\n                .td-single-image-style-circle,\r\n                .td-single-image-style-circle-border,\r\n                .td-single-image-style-circle-outline,\r\n                .td-single-image-style-circle-shadow,\r\n                .td-single-image-style-circle-border-shadow{\r\n                  border-radius: 50%;\r\n                }.td-single-image-style-round .td_single_image_bg,\r\n                .td-single-image-style-round-border .td_single_image_bg,\r\n                .td-single-image-style-round-outline .td_single_image_bg,\r\n                .td-single-image-style-round-shadow .td_single_image_bg,\r\n                .td-single-image-style-round-border-shadow .td_single_image_bg,\r\n                .td-single-image-style-circle .td_single_image_bg,\r\n                .td-single-image-style-circle-border .td_single_image_bg,\r\n                .td-single-image-style-circle-outline .td_single_image_bg,\r\n                .td-single-image-style-circle-shadow .td_single_image_bg,\r\n                .td-single-image-style-circle-border-shadow .td_single_image_bg,\r\n                .td-single-image-style-round .td_single_image_bg:before,\r\n                .td-single-image-style-round-border .td_single_image_bg:before,\r\n                .td-single-image-style-round-outline .td_single_image_bg:before,\r\n                .td-single-image-style-round-shadow .td_single_image_bg:before,\r\n                .td-single-image-style-round-border-shadow .td_single_image_bg:before,\r\n                .td-single-image-style-circle .td_single_image_bg:before,\r\n                .td-single-image-style-circle-border .td_single_image_bg:before,\r\n                .td-single-image-style-circle-outline .td_single_image_bg:before,\r\n                .td-single-image-style-circle-shadow .td_single_image_bg:before,\r\n                .td-single-image-style-circle-border-shadow .td_single_image_bg:before,\r\n                .td-single-image-style-round .td_single_image_bg:after,\r\n                .td-single-image-style-round-border .td_single_image_bg:after,\r\n                .td-single-image-style-round-outline .td_single_image_bg:after,\r\n                .td-single-image-style-round-shadow .td_single_image_bg:after,\r\n                .td-single-image-style-round-border-shadow .td_single_image_bg:after,\r\n                .td-single-image-style-circle .td_single_image_bg:after,\r\n                .td-single-image-style-circle-border .td_single_image_bg:after,\r\n                .td-single-image-style-circle-outline .td_single_image_bg:after,\r\n                .td-single-image-style-circle-shadow .td_single_image_bg:after,\r\n                .td-single-image-style-circle-border-shadow .td_single_image_bg:after{\r\n                  border-radius: 50%;\r\n                }.td-single-image-style-round-outline .td_single_image_bg:before,\r\n                .td-single-image-style-round-border-shadow .td_single_image_bg:before,\r\n                .td-single-image-style-circle-outline .td_single_image_bg:before,\r\n                .td-single-image-style-circle-border-shadow .td_single_image_bg:before,\r\n                .td-single-image-style-round-outline .td_single_image_bg:before:before,\r\n                .td-single-image-style-round-border-shadow .td_single_image_bg:before:before,\r\n                .td-single-image-style-circle-outline .td_single_image_bg:before:before,\r\n                .td-single-image-style-circle-border-shadow .td_single_image_bg:before:before,\r\n                .td-single-image-style-round-outline .td_single_image_bg:after:before,\r\n                .td-single-image-style-round-border-shadow .td_single_image_bg:after:before,\r\n                .td-single-image-style-circle-outline .td_single_image_bg:after:before,\r\n                .td-single-image-style-circle-border-shadow .td_single_image_bg:after:before,\r\n                .td-single-image-style-round-outline .td_single_image_bg:after,\r\n                .td-single-image-style-round-border-shadow .td_single_image_bg:after,\r\n                .td-single-image-style-circle-outline .td_single_image_bg:after,\r\n                .td-single-image-style-circle-border-shadow .td_single_image_bg:after,\r\n                .td-single-image-style-round-outline .td_single_image_bg:before:after,\r\n                .td-single-image-style-round-border-shadow .td_single_image_bg:before:after,\r\n                .td-single-image-style-circle-outline .td_single_image_bg:before:after,\r\n                .td-single-image-style-circle-border-shadow .td_single_image_bg:before:after,\r\n                .td-single-image-style-round-outline .td_single_image_bg:after:after,\r\n                .td-single-image-style-round-border-shadow .td_single_image_bg:after:after,\r\n                .td-single-image-style-circle-outline .td_single_image_bg:after:after,\r\n                .td-single-image-style-circle-border-shadow .td_single_image_bg:after:after{\r\n                  border-radius: 50%;\r\n                }.td-single-image-style-circle .td_single_image_bg,\r\n                .td-single-image-style-circle-border .td_single_image_bg,\r\n                .td-single-image-style-circle-outline .td_single_image_bg,\r\n                .td-single-image-style-circle-shadow .td_single_image_bg,\r\n                .td-single-image-style-circle-border-shadow .td_single_image_bg{\r\n                  height: 0;\r\n                  padding-bottom: 100%;\r\n                }.vc_single_image .td_single_image_bg{\r\n                  width: 100%;\r\n                  display: block;\r\n                  background-size: cover;\r\n                }.tdi_7 .td_single_image_bg{\r\n\t\t\t\t\theight: 400px;\r\n\t\t\t\t\tpadding-bottom: 0;\r\n\t\t\t\t\r\n\t\t\t\tbackground-size: auto 100%;\r\n\t\t\t\t\r\n                background-repeat: no-repeat;\r\n\t\t\t\t\r\n                background-position: center top;\r\n\t\t\t\t}.tdi_7:hover .td_single_image_bg:before{\r\n                    opacity: 0;\r\n                }@media (max-width: 767px) {\r\n                  .td-stretch-content .td_block_single_image {\r\n                    margin-right: -20px;\r\n                    margin-left: -20px;\r\n                  }\r\n                }@media (max-width: 767px) {\r\n                  .td-single-image-style-border,\r\n                  .td-single-image-style-round-border,\r\n                  .td-single-image-style-circle-border,\r\n                  .td-single-image-style-outline,\r\n                  .td-single-image-style-bordered-shadow,\r\n                  .td-single-image-style-round-outline,\r\n                  .td-single-image-style-round-border-shadow,\r\n                  .td-single-image-style-circle-outline,\r\n                  .td-single-image-style-circle-border-shadow {\r\n                    margin-bottom: 32px;\r\n                  }\r\n                }\n<\/style><\/div><div class=\"td_block_wrap td_block_text_with_title tdi_8 tagdiv-type td-pb-border-top td_block_template_1\"  data-td-block-uid=\"tdi_8\" >\n<style>\n\/* custom css - generated by TagDiv Composer *\/\n\/* custom css - generated by TagDiv Composer *\/\n.td_block_text_with_title{\r\n                  margin-bottom: 44px;\r\n                  -webkit-transform: translateZ(0);\r\n                  transform: translateZ(0);\r\n                }.td_block_text_with_title p:last-child{\r\n                  margin-bottom: 0;\r\n                }\n<\/style><div class=\"td-block-title-wrap\"><\/div><div class=\"td_mod_wrap td-fix-index\"><p style=\"text-align: center;\"><strong>KALENDARZ ROKU SZKOLNEGO 2025\/2026<\/strong><\/p>\n<table width=\"728\">\n<tbody>\n<tr>\n<td colspan=\"2\" width=\"728\">\n<p style=\"text-align: center;\"><strong>1 P\u00d3\u0141ROCZE<\/strong>\n<\/td>\n<\/tr>\n<tr>\n<td width=\"211\">\n<strong>01.09.2025, poniedzia\u0142ek<\/strong>\n<\/td>\n<td width=\"517\">\nUroczyste rozpocz\u0119cie roku szkolnego 2025\/2026<\/p>\n<p>Zebranie rady pedagogicznej\n<\/td>\n<\/tr>\n<tr>\n<td width=\"211\">\n<strong>03.09.2025, \u015broda<\/strong>\n<\/td>\n<td width=\"517\">\nZebranie rodzic\u00f3w klas 1, 2, 3, 4\n<\/td>\n<\/tr>\n<tr>\n<td width=\"211\">\n<strong>06.09.2025, sobota<\/strong>\n<\/td>\n<td width=\"517\">\nNarodowe Czytanie 2025\n<\/td>\n<\/tr>\n<tr>\n<td width=\"211\">\n<strong>18-19.09.2025<\/strong>\n<\/td>\n<td width=\"517\">\nWyjazd integracyjny\n<\/td>\n<\/tr>\n<tr>\n<td width=\"211\">\n<strong>24.09.2025, \u015broda<\/strong>\n<\/td>\n<td width=\"517\">\nZebranie rady pedagogicznej\n<\/td>\n<\/tr>\n<tr>\n<td width=\"211\">\n<strong>14.10.2025, wtorek<\/strong>\n<\/td>\n<td width=\"517\">\nDzie\u0144 Edukacji Narodowej (dzie\u0144 wolny od zaj\u0119\u0107 dydaktycznych)\n<\/td>\n<\/tr>\n<tr>\n<td width=\"211\">\n<strong>15.10.2025, \u015broda<\/strong>\n<\/td>\n<td width=\"517\">\nAkademia z okazji Dnia Edukacji Narodowej (str\u00f3j galowy)\n<\/td>\n<\/tr>\n<tr>\n<td width=\"211\">\n<strong>listopad<\/strong>\n<\/td>\n<td width=\"517\">\nPlatera\u0144skie Zaduszki Muzyczne\n<\/td>\n<\/tr>\n<tr>\n<td width=\"211\">\n<strong>04.11.2025, \u015broda<\/strong>\n<\/td>\n<td width=\"517\">\nTermin poinformowania o przewidywanych ocenach p\u00f3\u0142rocznych dla klas czwartych (oceny niedostateczne)\n<\/td>\n<\/tr>\n<tr>\n<td width=\"211\">\n<strong>10.11.2025, poniedzia\u0142ek<\/strong>\n<\/td>\n<td width=\"517\">\nAkademia z okazji Narodowego \u015awi\u0119ta Niepodleg\u0142o\u015bci<\/p>\n<p>Dzie\u0144 Patronki\n<\/td>\n<\/tr>\n<tr>\n<td width=\"211\">\n<strong>11.11.2025, wtorek<\/strong>\n<\/td>\n<td width=\"517\">\nBieg Niepodleg\u0142o\u015bci (Warszawa)\n<\/td>\n<\/tr>\n<tr>\n<td width=\"211\">\n<strong>grudzie\u0144<\/strong>\n<\/td>\n<td width=\"517\">\nTurniej Jednego Wiersza<\/p>\n<p>Pr\u00f3bny egzamin maturalny\n<\/td>\n<\/tr>\n<tr>\n<td width=\"211\">\n<strong>05.12.2025, pi\u0105tek<\/strong>\n<\/td>\n<td width=\"517\">\nTermin ustalenia ocen p\u00f3\u0142rocznych dla klas czwartych<\/p>\n<p>Miko\u0142ajki\n<\/td>\n<\/tr>\n<tr>\n<td width=\"211\">\n<strong>10.12.2025, \u015broda<\/strong>\n<\/td>\n<td width=\"517\">\nZebranie rady pedagogicznej, konferencja klasyfikacyjna klas czwartych<\/p>\n<p>Zebranie z rodzicami (uczni\u00f3w niepe\u0142noletnich)\n<\/td>\n<\/tr>\n<tr>\n<td width=\"211\">\n<strong>11.12.2025, czwartek<\/strong>\n<\/td>\n<td width=\"517\">\nKoniec pierwszego p\u00f3\u0142rocza dla klas czwartych\n<\/td>\n<\/tr>\n<tr>\n<td width=\"211\">\n<strong>12.12.2025, pi\u0105tek<\/strong>\n<\/td>\n<td width=\"517\">\nPocz\u0105tek drugiego p\u00f3\u0142rocza dla klas czwartych\n<\/td>\n<\/tr>\n<tr>\n<td width=\"211\">\n<strong>16.12.2025, wtorek<\/strong>\n<\/td>\n<td width=\"517\">\nTermin poinformowania o przewidywanych ocenach p\u00f3\u0142rocznych dla klas 1, 2, 3\n<\/td>\n<\/tr>\n<tr>\n<td width=\"211\">\n<strong>18.12.2025, czwartek<\/strong>\n<\/td>\n<td width=\"517\">\nPlatera\u0144skie kol\u0119dowanie\n<\/td>\n<\/tr>\n<tr>\n<td width=\"211\">\n<strong>22.12.2025 \u2013 31.12.2025<\/strong>\n<\/td>\n<td width=\"517\">\nZimowa przerwa \u015bwi\u0105teczna\n<\/td>\n<\/tr>\n<tr>\n<td width=\"211\">\n<strong>02.01.2026, pi\u0105tek<\/strong><\/p>\n<p><strong>05.01.2026, poniedzia\u0142ek<\/strong>\n<\/td>\n<td width=\"517\">\nDni wolne od zaj\u0119\u0107 dydaktycznych\n<\/td>\n<\/tr>\n<tr>\n<td width=\"211\">\n<strong>10.01.2026, sobota<\/strong>\n<\/td>\n<td width=\"517\">\nStudni\u00f3wka\n<\/td>\n<\/tr>\n<tr>\n<td width=\"211\">\n<strong>16.01.2026, pi\u0105tek<\/strong>\n<\/td>\n<td width=\"517\">\nTermin ustalenia ocen p\u00f3\u0142rocznych dla klas 1, 2, 3\n<\/td>\n<\/tr>\n<tr>\n<td width=\"211\">\n<strong>21.01.2026, \u015broda<\/strong>\n<\/td>\n<td width=\"517\">\nKonferencja klasyfikacyjna dla klas 1, 2, 3\n<\/td>\n<\/tr>\n<tr>\n<td width=\"211\">\n<strong>23.01.2026, pi\u0105tek<\/strong>\n<\/td>\n<td width=\"517\">\nKoniec pierwszego p\u00f3\u0142rocza dla klas 1, 2, 3\n<\/td>\n<\/tr>\n<\/tbody>\n<\/table>\n<p><strong>\u00a0<\/strong><\/p>\n<p><strong>\u00a0<\/strong><\/p>\n<p><strong>\u00a0<\/strong><\/p>\n<table width=\"737\">\n<tbody>\n<tr>\n<td colspan=\"2\" width=\"737\">\n<p style=\"text-align: center;\"><strong>2 P\u00d3\u0141ROCZE<\/strong>\n<\/td>\n<\/tr>\n<tr>\n<td width=\"211\">\n<strong>06.02.2026, pi\u0105tek<\/strong>\n<\/td>\n<td width=\"526\">\nTermin z\u0142o\u017cenia ostatecznych deklaracji maturalnych\n<\/td>\n<\/tr>\n<tr>\n<td width=\"211\">\n<strong>16.02.2026 &#8211; 01.03.2026<\/strong>\n<\/td>\n<td width=\"526\">\nFerie zimowe\n<\/td>\n<\/tr>\n<tr>\n<td width=\"211\">\n<strong>01.03.2026, niedziela<\/strong>\n<\/td>\n<td width=\"526\">\nBieg \u201eWilczym Tropem\u201d\n<\/td>\n<\/tr>\n<tr>\n<td width=\"211\">\n<strong>04.03.2026, \u015broda<\/strong>\n<\/td>\n<td width=\"526\">\nKonferencja plenarna\n<\/td>\n<\/tr>\n<tr>\n<td width=\"211\">\n<strong>13.03.2026, pi\u0105tek<\/strong>\n<\/td>\n<td width=\"526\">\nTermin wystawienia przewidywanych ocen ko\u0144cowych w klasach 4\n<\/td>\n<\/tr>\n<tr>\n<td width=\"211\">\n<strong>16.03.2026 &#8211; 20.03.2026<\/strong>\n<\/td>\n<td width=\"526\">\nWiosenna Emilka<\/p>\n<p>Konferencja po\u015bwi\u0119cona tematowi praworz\u0105dno\u015bci\n<\/td>\n<\/tr>\n<tr>\n<td width=\"211\">\n<strong>25.03.2026, \u015broda<\/strong>\n<\/td>\n<td width=\"526\">\nZebranie rady pedagogicznej<\/p>\n<p>Zebranie z rodzicami uczni\u00f3w klas 4 (uczni\u00f3w niepe\u0142noletnich) + konsultacje\n<\/td>\n<\/tr>\n<tr>\n<td width=\"211\">\n<strong>02.04.2026 &#8211; 07.04.2025<\/strong>\n<\/td>\n<td width=\"526\">\nWiosenna przerwa \u015bwi\u0105teczna\n<\/td>\n<\/tr>\n<tr>\n<td width=\"211\">\n<strong>10.04.2026, pi\u0105tek<\/strong>\n<\/td>\n<td width=\"526\">\nDzie\u0144 otwarty Liceum\n<\/td>\n<\/tr>\n<tr>\n<td width=\"211\">\n<strong>16.04.2026, czwartek<\/strong>\n<\/td>\n<td width=\"526\">\nTermin ustalenia ocen ko\u0144cowych uczni\u00f3w klas 4.\n<\/td>\n<\/tr>\n<tr>\n<td width=\"211\">\n<strong>20.04.2026, poniedzia\u0142ek<\/strong>\n<\/td>\n<td width=\"526\">\nKonferencja klasyfikacyjna \u2013 klasy 4<\/p>\n<p>Szkolenie przed egzaminem maturalnym dla nauczycieli\n<\/td>\n<\/tr>\n<tr>\n<td width=\"211\">\n<strong>24.04.2026, pi\u0105tek<\/strong>\n<\/td>\n<td width=\"526\">\nOstatni Dzwonek\n<\/td>\n<\/tr>\n<tr>\n<td width=\"211\">\n<strong>04.05.2026 \u2013 08.05.2026<\/strong>\n<\/td>\n<td width=\"526\">\nEgzaminy maturalne (j. polski, matematyka, j. angielski na poziomie podstawowym, j. angielski na poziomie rozszerzonym)<\/p>\n<p>Dni wolne od zaj\u0119\u0107 dydaktycznych\n<\/td>\n<\/tr>\n<tr>\n<td width=\"211\">\n<strong>19.05.2026, wtorek<\/strong>\n<\/td>\n<td width=\"526\">\nTermin wystawienia przewidywanych ocen rocznych, w tym niedostatecznych\n<\/td>\n<\/tr>\n<tr>\n<td width=\"211\">\n<strong>20.05.2026, \u015broda<\/strong>\n<\/td>\n<td width=\"526\">\nZebranie z rodzicami i konsultacje\n<\/td>\n<\/tr>\n<tr>\n<td width=\"211\">\n<strong>04.06.2026, czwartek<\/strong>\n<\/td>\n<td width=\"526\">\nBo\u017ce Cia\u0142o\n<\/td>\n<\/tr>\n<tr>\n<td width=\"211\">\n<strong>05.06.2026, pi\u0105tek<\/strong>\n<\/td>\n<td width=\"526\">\nDzie\u0144 wolny od zaj\u0119\u0107 dydaktycznych\n<\/td>\n<\/tr>\n<tr>\n<td width=\"211\">\n<strong>czerwiec<\/strong>\n<\/td>\n<td width=\"526\">\nGala Mistrz\u00f3w\n<\/td>\n<\/tr>\n<tr>\n<td width=\"211\">\n<strong>19.06.2026, pi\u0105tek <\/strong>\n<\/td>\n<td width=\"526\">\nTermin wystawienia ocen rocznych\n<\/td>\n<\/tr>\n<tr>\n<td width=\"211\">\n<strong>22.06.2026, poniedzia\u0142ek<\/strong>\n<\/td>\n<td width=\"526\">\nKonferencja klasyfikacyjna\n<\/td>\n<\/tr>\n<tr>\n<td width=\"211\">\n<strong>26.06.2026, pi\u0105tek<\/strong>\n<\/td>\n<td width=\"526\">\nZako\u0144czenie roku szkolnego\n<\/td>\n<\/tr>\n<tr>\n<td width=\"211\">\n<strong>29.06.2026<\/strong>\n<\/td>\n<td width=\"526\">\nKonferencja plenarna\n<\/td>\n<\/tr>\n<\/tbody>\n<\/table>\n<p><strong>\u00a0<\/strong><\/p>\n<\/div><\/div><\/div><\/div><\/div><\/div><\/div><\/div>","protected":false},"excerpt":{"rendered":"","protected":false},"author":1,"featured_media":0,"parent":0,"menu_order":0,"comment_status":"closed","ping_status":"closed","template":"","meta":{"_acf_changed":false,"_stopmodifiedupdate":false,"_modified_date":"","footnotes":""},"categories":[],"tags":[],"class_list":["post-2438","page","type-page","status-publish"],"acf":[],"_links":{"self":[{"href":"https:\/\/plater.edu.pl\/liceum\/wp-json\/wp\/v2\/pages\/2438","targetHints":{"allow":["GET"]}}],"collection":[{"href":"https:\/\/plater.edu.pl\/liceum\/wp-json\/wp\/v2\/pages"}],"about":[{"href":"https:\/\/plater.edu.pl\/liceum\/wp-json\/wp\/v2\/types\/page"}],"author":[{"embeddable":true,"href":"https:\/\/plater.edu.pl\/liceum\/wp-json\/wp\/v2\/users\/1"}],"replies":[{"embeddable":true,"href":"https:\/\/plater.edu.pl\/liceum\/wp-json\/wp\/v2\/comments?post=2438"}],"version-history":[{"count":10,"href":"https:\/\/plater.edu.pl\/liceum\/wp-json\/wp\/v2\/pages\/2438\/revisions"}],"predecessor-version":[{"id":6141,"href":"https:\/\/plater.edu.pl\/liceum\/wp-json\/wp\/v2\/pages\/2438\/revisions\/6141"}],"wp:attachment":[{"href":"https:\/\/plater.edu.pl\/liceum\/wp-json\/wp\/v2\/media?parent=2438"}],"wp:term":[{"taxonomy":"category","embeddable":true,"href":"https:\/\/plater.edu.pl\/liceum\/wp-json\/wp\/v2\/categories?post=2438"},{"taxonomy":"post_tag","embeddable":true,"href":"https:\/\/plater.edu.pl\/liceum\/wp-json\/wp\/v2\/tags?post=2438"}],"curies":[{"name":"wp","href":"https:\/\/api.w.org\/{rel}","templated":true}]}}