{"id":2597,"date":"2024-04-02T19:25:45","date_gmt":"2024-04-02T17:25:45","guid":{"rendered":"https:\/\/wordpress2403459.home.pl\/autoinstalator\/2lo\/?page_id=2597"},"modified":"2026-04-14T11:16:24","modified_gmt":"2026-04-14T09:16:24","slug":"oddzial-dwujezyczny","status":"publish","type":"page","link":"https:\/\/plater.edu.pl\/liceum\/oddzial-dwujezyczny\/","title":{"rendered":"Oddzia\u0142 Dwuj\u0119zyczny"},"content":{"rendered":"<div id=\"tdi_1\" class=\"tdc-zone\"><div class=\"tdc_zone tdi_2  wpb_row td-pb-row\"  >\n<style scoped>\n\/* custom css - generated by TagDiv Composer *\/\n\n\/* custom css - generated by TagDiv Composer *\/\n\/* custom css - generated by TagDiv Composer *\/\n.tdi_2{\r\n                    min-height: 0;\r\n                }\n\/* inline tdc_css att - generated by TagDiv Composer *\/\n\n.tdi_2{\nmargin-top:2rem !important;\n}\n\n<\/style><div id=\"tdi_3\" class=\"tdc-row stretch_row_1200 td-stretch-content\"><div class=\"vc_row tdi_4  wpb_row td-pb-row\" >\n<style scoped>\n\/* custom css - generated by TagDiv Composer *\/\n\n\/* custom css - generated by TagDiv Composer *\/\n\/* custom css - generated by TagDiv Composer *\/\n.tdi_4,\r\n                .tdi_4 .tdc-columns{\r\n                    min-height: 0;\r\n                }.tdi_4,\r\n\t\t\t\t.tdi_4 .tdc-columns{\r\n\t\t\t\t    display: block;\r\n\t\t\t\t}.tdi_4 .tdc-columns{\r\n\t\t\t\t    width: 100%;\r\n\t\t\t\t}\n<\/style><div class=\"vc_column tdi_6  wpb_column vc_column_container tdc-column td-pb-span12\">\n<style scoped>\n\/* custom css - generated by TagDiv Composer *\/\n\n\/* custom css - generated by TagDiv Composer *\/\n\/* custom css - generated by TagDiv Composer *\/\n.tdi_6{\r\n                    vertical-align: baseline;\r\n                }.tdi_6 > .wpb_wrapper,\r\n\t\t\t\t.tdi_6 > .wpb_wrapper > .tdc-elements{\r\n\t\t\t\t    display: block;\r\n\t\t\t\t}.tdi_6 > .wpb_wrapper > .tdc-elements{\r\n\t\t\t\t    width: 100%;\r\n\t\t\t\t}.tdi_6 > .wpb_wrapper > .vc_row_inner{\r\n\t\t\t\t    width: auto;\r\n\t\t\t\t}.tdi_6 > .wpb_wrapper{\r\n\t\t\t\t    width: auto;\r\n\t\t\t\t    height: auto;\r\n\t\t\t\t}\n<\/style><div class=\"wpb_wrapper\" ><div class=\"td_block_wrap tdb_title tdi_7 tdb-page-title td-pb-border-top td_block_template_1\"  data-td-block-uid=\"tdi_7\" >\n<style>\n\/* custom css - generated by TagDiv Composer *\/\n\/* custom css - generated by TagDiv Composer *\/\n.tdb_title{\r\n                  margin-bottom: 19px;\r\n                }.tdb_title.tdb-content-horiz-center{\r\n                  text-align: center;\r\n                }.tdb_title.tdb-content-horiz-center .tdb-title-line{\r\n                  margin: 0 auto;\r\n                }.tdb_title.tdb-content-horiz-right{\r\n                  text-align: right;\r\n                }.tdb_title.tdb-content-horiz-right .tdb-title-line{\r\n                  margin-left: auto;\r\n                  margin-right: 0;\r\n                }.tdb-title-text{\r\n                  display: inline-block;\r\n                  position: relative;\r\n                  margin: 0;\r\n                  word-wrap: break-word;\r\n                  font-size: 30px;\r\n                  line-height: 38px;\r\n                  font-weight: 700;\r\n                }.tdb-first-letter{\r\n                  position: absolute;\r\n                  -webkit-user-select: none;\r\n                  user-select: none;\r\n                  pointer-events: none;\r\n                  text-transform: uppercase;\r\n                  color: rgba(0, 0, 0, 0.08);\r\n                  font-size: 6em;\r\n                  font-weight: 300;\r\n                  top: 50%;\r\n                  -webkit-transform: translateY(-50%);\r\n                  transform: translateY(-50%);\r\n                  left: -0.36em;\r\n                  z-index: -1;\r\n                  -webkit-text-fill-color: initial;\r\n                }.tdb-title-line{\r\n                  display: none;\r\n                  position: relative;\r\n                }.tdb-title-line:after{\r\n                  content: '';\r\n                  width: 100%;\r\n                  position: absolute;\r\n                  background-color: var(--td_theme_color, #4db2ec);\r\n                  top: 0;\r\n                  left: 0;\r\n                  margin: auto;\r\n                }.tdi_7 .tdb-title-text{\r\n\t\t\t\t\tcolor: #fc7f12;\r\n\t\t\t\t}.tdi_7 .tdb-title-line:after{\r\n\t\t\t\t\theight: 2px;\r\n\t\t\t\t\r\n\t\t\t\t\tbottom: 40%;\r\n\t\t\t\t}.tdi_7 .tdb-title-line{\r\n\t\t\t\t\theight: 50px;\r\n\t\t\t\t}.td-theme-wrap .tdi_7{\r\n\t\t\t\t\ttext-align: left;\r\n\t\t\t\t}.tdi_7 .tdb-first-letter{\r\n\t\t\t\t\tleft: -0.36em;\r\n\t\t\t\t\tright: auto;\r\n\t\t\t\t}\n<\/style><div class=\"tdb-block-inner td-fix-index\"><h1 class=\"tdb-title-text\">Sample Page Title<\/h1><div><\/div><div class=\"tdb-title-line\"><\/div><\/div><\/div><div class=\"td_block_wrap td_block_text_with_title tdi_8 tagdiv-type td-pb-border-top td_block_template_1\"  data-td-block-uid=\"tdi_8\" >\n<style>\n\/* custom css - generated by TagDiv Composer *\/\n\/* custom css - generated by TagDiv Composer *\/\n.td_block_text_with_title{\r\n                  margin-bottom: 44px;\r\n                  -webkit-transform: translateZ(0);\r\n                  transform: translateZ(0);\r\n                }.td_block_text_with_title p:last-child{\r\n                  margin-bottom: 0;\r\n                }\n<\/style><div class=\"td-block-title-wrap\"><\/div><div class=\"td_mod_wrap td-fix-index\"><h4 style=\"text-align: center;\"><strong>SPRAWDZIAN KOMPETENCJI J\u0118ZYKOWYCH DO ODDZIA\u0141U DWUJ\u0118ZYCZNEGO Z J\u0118ZYKIEM ANGIELSKIM<\/strong><\/h4>\n<p style=\"text-align: center;\">\u00a0<\/p>\n<p style=\"text-align: center;\"><strong>Terminy rekrutacji<\/strong><\/p>\n<p style=\"text-align: center;\"><strong>na rok szkolny 2026\/2027<\/strong><\/p>\n<p style=\"text-align: center;\"><strong>do II Liceum Og\u00f3lnokszta\u0142c\u0105cego z Oddzia\u0142ami Dwuj\u0119zycznymi\u00a0<\/strong><\/p>\n<p style=\"text-align: center;\"><strong> Emilii Plater w Sosnowcu<\/strong><\/p>\n<p>\u00a0<\/p>\n<p style=\"text-align: center;\">ZA\u0141\u0104CZNIK 1 &#8211; TERMINY<\/p>\n<p style=\"text-align: center;\"><strong>Sprawdzian kompetencji j\u0119zykowych <\/strong><\/p>\n<p style=\"text-align: center;\"><strong>do oddzia\u0142u dwuj\u0119zycznego z j\u0119zykiem angielskim<\/strong><strong>\u00a0<\/strong><\/p>\n<p>Sprawdzian kompetencji j\u0119zykowych do oddzia\u0142u dwuj\u0119zycznego z j\u0119zykiem angielskim sprawdza znajomo\u015b\u0107 j\u0119zyka angielskiego na poziomie \u015bredniozaawansowanym i obejmuje zadania\u00a0 sprawdzaj\u0105ce\u00a0 umiej\u0119tno\u015b\u0107 czytania ze zrozumieniem oraz znajomo\u015b\u0107 struktur leksykalno-gramatycznych. Sprawdzian obliczony zosta\u0142 na 20 punkt\u00f3w rekrutacyjnych.<\/p>\n<p>Sprawdzian ten odb\u0119dzie si\u0119 w II \u00a0LO im. Emilii Plater w nast\u0119puj\u0105cych terminach:\u00a0<\/p>\n<p><strong>\u00a011 czerwca 2026 r. o godz. 10.00<\/strong> ( termin I) \u00a0\u00a0<\/p>\n<p><strong>23 czerwca 2026 r. o godz. 10.00<\/strong> ( termin II) dla kandydat\u00f3w, kt\u00f3rzy z przyczyn niezale\u017cnych od siebie nie mogli przyst\u0105pi\u0107 do sprawdzianu w I terminie.<\/p>\n<p style=\"text-align: center;\">ZA\u0141\u0104CZNIK 2 \u2013 ZG\u0141OSZENIE DO SPRAWDZIANU<\/p>\n<p style=\"text-align: center;\">ZA\u0141\u0104CZNIK 3 \u2013 ZAKRES MATERIA\u0141U DO SPRAWDZIANU<\/p>\n<p style=\"text-align: center;\"><strong>DOKUMENTY<\/strong><\/p>\n<p style=\"text-align: center;\">Ch\u0119tnych \u00a0\u00a0do \u00a0\u00a0przyst\u0105pienia \u00a0do \u00a0sprawdzianu\u00a0 kompetencji\u00a0 j\u0119zykowych\u00a0 \u00a0prosimy\u00a0 o \u00a0\u00a0wype\u0142nienie\u00a0\u00a0\u00a0\u00a0 i przes\u0142anie <strong>zg\u0142oszenia<\/strong> drog\u0105 elektroniczn\u0105 na adres: <strong>plater.sprawdziankompetencji@gmail.com<\/strong> <strong>do 2 czerwca 2026 r. \u00a0<\/strong>w tytule wiadomo\u015bci wpisuj\u0105c<strong> SPRAWDZIAN<\/strong><\/p>\n<p style=\"text-align: center;\">Uczniowie ubiegaj\u0105cy si\u0119 o przyj\u0119cie do oddzia\u0142u dwuj\u0119zycznego winni\u00a0 z\u0142o\u017cy\u0107\u00a0 w terminie<\/p>\n<p style=\"text-align: center;\"><strong>od 11 maja do 2 czerwca 2026<\/strong> <strong>wniosek z naboru elektronicznego pod adresem <\/strong><a href=\"http:\/\/www.slaskie.edu.com.pl\"><strong>http:\/\/www.slaskie.edu.com.pl<\/strong><\/a><\/p>\n<p style=\"text-align: center;\"><strong>(wniosek\u00a0 mo\u017cna z\u0142o\u017cy\u0107 elektronicznie potwierdzonym podpisem zaufanym LUB wydrukowany <\/strong><\/p>\n<p style=\"text-align: center;\"><strong>i podpisany czytelnie przez kandydata i rodzica\/opiekuna prawnego w Kancelarii szko\u0142y)<\/strong><\/p>\n<\/div><\/div><\/div><\/div><\/div><\/div><div id=\"tdi_9\" class=\"tdc-row stretch_row_1200 td-stretch-content\"><div class=\"vc_row tdi_10  wpb_row td-pb-row\" >\n<style scoped>\n\/* custom css - generated by TagDiv Composer *\/\n\n\/* custom css - generated by TagDiv Composer *\/\n\/* custom css - generated by TagDiv Composer *\/\n.tdi_10,\r\n                .tdi_10 .tdc-columns{\r\n                    min-height: 0;\r\n                }.tdi_10,\r\n\t\t\t\t.tdi_10 .tdc-columns{\r\n\t\t\t\t    display: block;\r\n\t\t\t\t}.tdi_10 .tdc-columns{\r\n\t\t\t\t    width: 100%;\r\n\t\t\t\t}\n<\/style><div class=\"vc_column tdi_12  wpb_column vc_column_container tdc-column td-pb-span12\">\n<style scoped>\n\/* custom css - generated by TagDiv Composer *\/\n\n\/* custom css - generated by TagDiv Composer *\/\n\/* custom css - generated by TagDiv Composer *\/\n.tdi_12{\r\n                    vertical-align: baseline;\r\n                }.tdi_12 > .wpb_wrapper,\r\n\t\t\t\t.tdi_12 > .wpb_wrapper > .tdc-elements{\r\n\t\t\t\t    display: block;\r\n\t\t\t\t}.tdi_12 > .wpb_wrapper > .tdc-elements{\r\n\t\t\t\t    width: 100%;\r\n\t\t\t\t}.tdi_12 > .wpb_wrapper > .vc_row_inner{\r\n\t\t\t\t    width: auto;\r\n\t\t\t\t}.tdi_12 > .wpb_wrapper{\r\n\t\t\t\t    width: auto;\r\n\t\t\t\t    height: auto;\r\n\t\t\t\t}\n<\/style><div class=\"wpb_wrapper\" ><div class=\"td_block_wrap td_block_title tdi_13 td-pb-border-top td_block_template_1 td-fix-index\"  data-td-block-uid=\"tdi_13\" >\n<style>\n\/* custom css - generated by TagDiv Composer *\/\n.td-theme-wrap .tdi_13 .td-pulldown-filter-link:hover,\r\n            .td-theme-wrap .tdi_13 .td-subcat-item a:hover,\r\n            .td-theme-wrap .tdi_13 .td-subcat-item .td-cur-simple-item {\r\n                color: var(--cs-red);\r\n            }\r\n\r\n            .td-theme-wrap .tdi_13 .block-title > *,\r\n            .td-theme-wrap .tdi_13 .td-subcat-dropdown:hover .td-subcat-more {\r\n                background-color: var(--cs-red);\r\n            }\r\n            .td-theme-wrap .td-footer-wrapper .tdi_13 .block-title > * {\r\n                padding: 6px 7px 5px;\r\n                line-height: 1;\r\n            }\r\n\r\n            .td-theme-wrap .tdi_13 .block-title {\r\n                border-color: var(--cs-red);\r\n            }\r\n\r\n            \r\n            .td-theme-wrap .tdi_13 .td_module_wrap:hover .entry-title a,\r\n            .td-theme-wrap .tdi_13 .td_quote_on_blocks,\r\n            .td-theme-wrap .tdi_13 .td-opacity-cat .td-post-category:hover,\r\n            .td-theme-wrap .tdi_13 .td-opacity-read .td-read-more a:hover,\r\n            .td-theme-wrap .tdi_13 .td-opacity-author .td-post-author-name a:hover,\r\n            .td-theme-wrap .tdi_13 .td-instagram-user a {\r\n                color: var(--cs-red);\r\n            }\r\n\r\n            .td-theme-wrap .tdi_13 .td-next-prev-wrap a:hover,\r\n            .td-theme-wrap .tdi_13 .td-load-more-wrap a:hover {\r\n                background-color: var(--cs-red);\r\n                border-color: var(--cs-red);\r\n            }\r\n\r\n            .td-theme-wrap .tdi_13 .td-read-more a,\r\n            .td-theme-wrap .tdi_13 .td-weather-information:before,\r\n            .td-theme-wrap .tdi_13 .td-weather-week:before,\r\n            .td-theme-wrap .tdi_13 .td-exchange-header:before,\r\n            .td-theme-wrap .td-footer-wrapper .tdi_13 .td-post-category,\r\n            .td-theme-wrap .tdi_13 .td-post-category:hover {\r\n                background-color: var(--cs-red);\r\n            }\n<\/style>\n<style>\n\/* custom css - generated by TagDiv Composer *\/\n\/* custom css - generated by TagDiv Composer *\/\n\n<\/style><div class=\"td-block-title-wrap\"><h4 class=\"block-title td-block-title\"><span class=\"td-pulldown-size\">DOKUMENTY DO POBRANIA<\/span><\/h4><\/div><\/div><\/div><\/div><\/div><\/div><div id=\"tdi_14\" class=\"tdc-row stretch_row_1200 td-stretch-content\"><div class=\"vc_row tdi_15  wpb_row td-pb-row\" >\n<style scoped>\n\/* custom css - generated by TagDiv Composer *\/\n\n\/* custom css - generated by TagDiv Composer *\/\n\/* custom css - generated by TagDiv Composer *\/\n.tdi_15,\r\n                .tdi_15 .tdc-columns{\r\n                    min-height: 0;\r\n                }.tdi_15,\r\n\t\t\t\t.tdi_15 .tdc-columns{\r\n\t\t\t\t    display: block;\r\n\t\t\t\t}.tdi_15 .tdc-columns{\r\n\t\t\t\t    width: 100%;\r\n\t\t\t\t}\n<\/style><div class=\"vc_column tdi_17  wpb_column vc_column_container tdc-column td-pb-span6\">\n<style scoped>\n\/* custom css - generated by TagDiv Composer *\/\n\n\/* custom css - generated by TagDiv Composer *\/\n\/* custom css - generated by TagDiv Composer *\/\n.tdi_17{\r\n                    vertical-align: baseline;\r\n                }.tdi_17 > .wpb_wrapper,\r\n\t\t\t\t.tdi_17 > .wpb_wrapper > .tdc-elements{\r\n\t\t\t\t    display: block;\r\n\t\t\t\t}.tdi_17 > .wpb_wrapper > .tdc-elements{\r\n\t\t\t\t    width: 100%;\r\n\t\t\t\t}.tdi_17 > .wpb_wrapper > .vc_row_inner{\r\n\t\t\t\t    width: auto;\r\n\t\t\t\t}.tdi_17 > .wpb_wrapper{\r\n\t\t\t\t    width: auto;\r\n\t\t\t\t    height: auto;\r\n\t\t\t\t}\n<\/style><div class=\"wpb_wrapper\" ><div class=\"tdm_block td_block_wrap tdm_block_button tdi_18 tdm-block-button-full tdm-content-horiz-left td-pb-border-top td_block_template_1\"  data-td-block-uid=\"tdi_18\"     >\n<style>\n\n\/* inline tdc_css att - generated by TagDiv Composer *\/\n\n.tdi_18{\npadding-top:1rem !important;\npadding-bottom:1rem !important;\n}\n\n<\/style>\n<style>\n\/* custom css - generated by TagDiv Composer *\/\n\/* custom css - generated by TagDiv Composer *\/\n.tdm_block.tdm_block_button{\r\n                  margin-bottom: 0;\r\n                }.tdm_block.tdm_block_button .tds-button{\r\n                  line-height: 0;\r\n                }.tdm_block.tdm_block_button.tdm-block-button-inline{\r\n                  display: inline-block;\r\n                }.tdm_block.tdm_block_button.tdm-block-button-full,\r\n                .tdm_block.tdm_block_button.tdm-block-button-full .tdm-btn{\r\n                  display: block;\r\n                }\n<\/style>\n<style>\n\/* custom css - generated by TagDiv Composer *\/\n\/* custom css - generated by TagDiv Composer *\/\nbody .tdi_19{\r\n\t\t\t\t\tbackground-color: var(--cs-dark-blue);\r\n\t\t\t\t}body .tdi_19:before{\r\n\t\t\t\t\tbackground-color: var(--cs-red);\r\n\t\t\t\t}body .tdi_19:hover:before{\r\n\t\t\t\t\topacity: 1;\r\n\t\t\t\t}.tdi_19 .tdm-btn-icon:last-child{\r\n\t\t\t\t\tmargin-left: 14px;\r\n\t\t\t\t}.tdi_19{\r\n\t\t\t\t\tfont-size:1.5rem !important;text-transform:uppercase !important;\r\n\t\t\t\t}\n<\/style><div class=\"tds-button td-fix-index\"><a \r\n                href=\"https:\/\/plater.edu.pl\/liceum\/wp-content\/uploads\/2026\/03\/Regulamin_rekrutacji_2026_2027.pdf\" \r\n                 title=\"Regulamin rekrutacji\"\r\n                class=\"tds-button1 tdm-btn tdm-btn-lg tdi_19 \"  target=\"_blank\" ><span class=\"tdm-btn-text\">Regulamin rekrutacji<\/span><i class=\"tdm-btn-icon tdc-font-fa tdc-font-fa-cloud-download\"><\/i><\/a><\/div><\/div><div class=\"tdm_block td_block_wrap tdm_block_button tdi_20 tdm-block-button-full tdm-content-horiz-left td-pb-border-top td_block_template_1\"  data-td-block-uid=\"tdi_20\"     >\n<style>\n\n\/* inline tdc_css att - generated by TagDiv Composer *\/\n\n.tdi_20{\npadding-top:1rem !important;\npadding-bottom:1rem !important;\n}\n\n<\/style>\n<style>\n\/* custom css - generated by TagDiv Composer *\/\n\/* custom css - generated by TagDiv Composer *\/\n\n<\/style>\n<style>\n\/* custom css - generated by TagDiv Composer *\/\n\/* custom css - generated by TagDiv Composer *\/\nbody .tdi_21{\r\n\t\t\t\t\tbackground-color: var(--cs-dark-blue);\r\n\t\t\t\t}body .tdi_21:before{\r\n\t\t\t\t\tbackground-color: var(--cs-red);\r\n\t\t\t\t}body .tdi_21:hover:before{\r\n\t\t\t\t\topacity: 1;\r\n\t\t\t\t}.tdi_21 .tdm-btn-icon:last-child{\r\n\t\t\t\t\tmargin-left: 14px;\r\n\t\t\t\t}.tdi_21{\r\n\t\t\t\t\tfont-size:1.5rem !important;text-transform:uppercase !important;\r\n\t\t\t\t}\n<\/style><div class=\"tds-button td-fix-index\"><a \r\n                href=\"https:\/\/plater.edu.pl\/liceum\/wp-content\/uploads\/2026\/04\/zalacznik-1-terminy-2026-27.pdf\" \r\n                 title=\"TERMINY REKRUTACJI\"\r\n                class=\"tds-button1 tdm-btn tdm-btn-lg tdi_21 \"  target=\"_blank\" ><span class=\"tdm-btn-text\">TERMINY REKRUTACJI<\/span><i class=\"tdm-btn-icon tdc-font-fa tdc-font-fa-cloud-download\"><\/i><\/a><\/div><\/div><\/div><\/div><div class=\"vc_column tdi_23  wpb_column vc_column_container tdc-column td-pb-span6\">\n<style scoped>\n\/* custom css - generated by TagDiv Composer *\/\n\n\/* custom css - generated by TagDiv Composer *\/\n\/* custom css - generated by TagDiv Composer *\/\n.tdi_23{\r\n                    vertical-align: baseline;\r\n                }.tdi_23 > .wpb_wrapper,\r\n\t\t\t\t.tdi_23 > .wpb_wrapper > .tdc-elements{\r\n\t\t\t\t    display: block;\r\n\t\t\t\t}.tdi_23 > .wpb_wrapper > .tdc-elements{\r\n\t\t\t\t    width: 100%;\r\n\t\t\t\t}.tdi_23 > .wpb_wrapper > .vc_row_inner{\r\n\t\t\t\t    width: auto;\r\n\t\t\t\t}.tdi_23 > .wpb_wrapper{\r\n\t\t\t\t    width: auto;\r\n\t\t\t\t    height: auto;\r\n\t\t\t\t}\n<\/style><div class=\"wpb_wrapper\" ><div class=\"tdm_block td_block_wrap tdm_block_button tdi_24 tdm-block-button-full tdm-content-horiz-left td-pb-border-top td_block_template_1\"  data-td-block-uid=\"tdi_24\"     >\n<style>\n\n\/* inline tdc_css att - generated by TagDiv Composer *\/\n\n.tdi_24{\npadding-top:1rem !important;\npadding-bottom:1rem !important;\n}\n\n<\/style>\n<style>\n\/* custom css - generated by TagDiv Composer *\/\n\/* custom css - generated by TagDiv Composer *\/\n\n<\/style>\n<style>\n\/* custom css - generated by TagDiv Composer *\/\n\/* custom css - generated by TagDiv Composer *\/\nbody .tdi_25{\r\n\t\t\t\t\tbackground-color: var(--cs-dark-blue);\r\n\t\t\t\t}body .tdi_25:before{\r\n\t\t\t\t\tbackground-color: var(--cs-red);\r\n\t\t\t\t}body .tdi_25:hover:before{\r\n\t\t\t\t\topacity: 1;\r\n\t\t\t\t}.tdi_25 .tdm-btn-icon:last-child{\r\n\t\t\t\t\tmargin-left: 14px;\r\n\t\t\t\t}.tdi_25{\r\n\t\t\t\t\tfont-size:1.5rem !important;text-transform:uppercase !important;\r\n\t\t\t\t}\n<\/style><div class=\"tds-button td-fix-index\"><a \r\n                href=\"https:\/\/plater.edu.pl\/liceum\/wp-content\/uploads\/2026\/04\/zalacznik-2-zgloszenie-do-sprawdzianu.pdf\" \r\n                 title=\"Zg\u0142oszenie do sprawdzianu\"\r\n                class=\"tds-button1 tdm-btn tdm-btn-lg tdi_25 \"  target=\"_blank\" ><span class=\"tdm-btn-text\">Zg\u0142oszenie do sprawdzianu<\/span><i class=\"tdm-btn-icon tdc-font-fa tdc-font-fa-cloud-download\"><\/i><\/a><\/div><\/div><div class=\"tdm_block td_block_wrap tdm_block_button tdi_26 tdm-block-button-full tdm-content-horiz-left td-pb-border-top td_block_template_1\"  data-td-block-uid=\"tdi_26\"     >\n<style>\n\n\/* inline tdc_css att - generated by TagDiv Composer *\/\n\n.tdi_26{\npadding-top:1rem !important;\npadding-bottom:1rem !important;\n}\n\n<\/style>\n<style>\n\/* custom css - generated by TagDiv Composer *\/\n\/* custom css - generated by TagDiv Composer *\/\n\n<\/style>\n<style>\n\/* custom css - generated by TagDiv Composer *\/\n\/* custom css - generated by TagDiv Composer *\/\nbody .tdi_27{\r\n\t\t\t\t\tbackground-color: var(--cs-dark-blue);\r\n\t\t\t\t}body .tdi_27:before{\r\n\t\t\t\t\tbackground-color: var(--cs-red);\r\n\t\t\t\t}body .tdi_27:hover:before{\r\n\t\t\t\t\topacity: 1;\r\n\t\t\t\t}.tdi_27 .tdm-btn-icon:last-child{\r\n\t\t\t\t\tmargin-left: 14px;\r\n\t\t\t\t}.tdi_27{\r\n\t\t\t\t\tfont-size:1.5rem !important;text-transform:uppercase !important;\r\n\t\t\t\t}\n<\/style><div class=\"tds-button td-fix-index\"><a \r\n                href=\"https:\/\/plater.edu.pl\/liceum\/wp-content\/uploads\/2026\/04\/zalacznik-3-zakres-materialu.pdf\" \r\n                 title=\"ZAKRES MATERIA\u0141U\"\r\n                class=\"tds-button1 tdm-btn tdm-btn-lg tdi_27 \"  target=\"_blank\" ><span class=\"tdm-btn-text\">ZAKRES MATERIA\u0141U<\/span><i class=\"tdm-btn-icon tdc-font-fa tdc-font-fa-cloud-download\"><\/i><\/a><\/div><\/div><\/div><\/div><\/div><\/div><div id=\"tdi_28\" class=\"tdc-row stretch_row_1400 td-stretch-content\"><div class=\"vc_row tdi_29  wpb_row td-pb-row\" >\n<style scoped>\n\/* custom css - generated by TagDiv Composer *\/\n\n\/* custom css - generated by TagDiv Composer *\/\n\/* custom css - generated by TagDiv Composer *\/\n.tdi_29,\r\n                .tdi_29 .tdc-columns{\r\n                    min-height: 0;\r\n                }.tdi_29,\r\n\t\t\t\t.tdi_29 .tdc-columns{\r\n\t\t\t\t    display: block;\r\n\t\t\t\t}.tdi_29 .tdc-columns{\r\n\t\t\t\t    width: 100%;\r\n\t\t\t\t}\n\/* inline tdc_css att - generated by TagDiv Composer *\/\n\n.tdi_29{\nmargin-top:2rem !important;\n}\n\n.tdi_29 .td_block_wrap{ text-align:left }\n\n<\/style><div class=\"vc_column tdi_31  wpb_column vc_column_container tdc-column td-pb-span12\">\n<style scoped>\n\/* custom css - generated by TagDiv Composer *\/\n\n\/* custom css - generated by TagDiv Composer *\/\n\/* custom css - generated by TagDiv Composer *\/\n.tdi_31{\r\n                    vertical-align: baseline;\r\n                }.tdi_31 > .wpb_wrapper,\r\n\t\t\t\t.tdi_31 > .wpb_wrapper > .tdc-elements{\r\n\t\t\t\t    display: block;\r\n\t\t\t\t}.tdi_31 > .wpb_wrapper > .tdc-elements{\r\n\t\t\t\t    width: 100%;\r\n\t\t\t\t}.tdi_31 > .wpb_wrapper > .vc_row_inner{\r\n\t\t\t\t    width: auto;\r\n\t\t\t\t}.tdi_31 > .wpb_wrapper{\r\n\t\t\t\t    width: auto;\r\n\t\t\t\t    height: auto;\r\n\t\t\t\t}\n<\/style><div class=\"wpb_wrapper\" ><div class=\"td_block_wrap td_block_raw_css tdi_32 td-pb-border-top td_block_template_1\"  data-td-block-uid=\"tdi_32\" ><div id=tdi_32 class=\"td_block_inner td-fix-index\"><style>.lo-item-hover:hover {\n  box-shadow: 0 0 11px rgba(33, 33, 33, 0.2);\n  -webkit-transform: scale(1.1);\n  -moz-transform: scale(1.1);\n  -ms-transform: scale(1.1);\n  -o-transform: scale(1.1);\n  transform: scale(1.1);\n}\n.lo-item-hove2r:hover {\n  box-shadow: 0 0 11px rgba(33, 33, 33, 0.2);\n}\n<\/style><\/div><\/div><\/div><\/div><\/div><\/div><\/div><\/div>","protected":false},"excerpt":{"rendered":"","protected":false},"author":1,"featured_media":2084,"parent":0,"menu_order":0,"comment_status":"closed","ping_status":"closed","template":"","meta":{"_acf_changed":false,"_stopmodifiedupdate":false,"_modified_date":"","footnotes":""},"categories":[93,90,117],"tags":[],"class_list":{"0":"post-2597","1":"page","2":"type-page","3":"status-publish","4":"has-post-thumbnail","6":"category-dla-nauczyciela","7":"category-dla-ucznia","8":"category-instytucje-szkolne"},"acf":[],"_links":{"self":[{"href":"https:\/\/plater.edu.pl\/liceum\/wp-json\/wp\/v2\/pages\/2597","targetHints":{"allow":["GET"]}}],"collection":[{"href":"https:\/\/plater.edu.pl\/liceum\/wp-json\/wp\/v2\/pages"}],"about":[{"href":"https:\/\/plater.edu.pl\/liceum\/wp-json\/wp\/v2\/types\/page"}],"author":[{"embeddable":true,"href":"https:\/\/plater.edu.pl\/liceum\/wp-json\/wp\/v2\/users\/1"}],"replies":[{"embeddable":true,"href":"https:\/\/plater.edu.pl\/liceum\/wp-json\/wp\/v2\/comments?post=2597"}],"version-history":[{"count":12,"href":"https:\/\/plater.edu.pl\/liceum\/wp-json\/wp\/v2\/pages\/2597\/revisions"}],"predecessor-version":[{"id":6926,"href":"https:\/\/plater.edu.pl\/liceum\/wp-json\/wp\/v2\/pages\/2597\/revisions\/6926"}],"wp:featuredmedia":[{"embeddable":true,"href":"https:\/\/plater.edu.pl\/liceum\/wp-json\/wp\/v2\/media\/2084"}],"wp:attachment":[{"href":"https:\/\/plater.edu.pl\/liceum\/wp-json\/wp\/v2\/media?parent=2597"}],"wp:term":[{"taxonomy":"category","embeddable":true,"href":"https:\/\/plater.edu.pl\/liceum\/wp-json\/wp\/v2\/categories?post=2597"},{"taxonomy":"post_tag","embeddable":true,"href":"https:\/\/plater.edu.pl\/liceum\/wp-json\/wp\/v2\/tags?post=2597"}],"curies":[{"name":"wp","href":"https:\/\/api.w.org\/{rel}","templated":true}]}}