{"id":2637,"date":"2024-04-02T21:22:12","date_gmt":"2024-04-02T19:22:12","guid":{"rendered":"https:\/\/wordpress2403459.home.pl\/autoinstalator\/2lo\/?page_id=2637"},"modified":"2025-12-11T07:47:04","modified_gmt":"2025-12-11T06:47:04","slug":"pnsjbg","status":"publish","type":"page","link":"https:\/\/plater.edu.pl\/liceum\/pnsjbg\/","title":{"rendered":"Poka\u017c nam sw\u00f3j j\u0119zyk bez granic"},"content":{"rendered":"<div id=\"tdi_1\" class=\"tdc-zone\"><div class=\"tdc_zone tdi_2  wpb_row td-pb-row\"  >\n<style scoped>\n\/* custom css - generated by TagDiv Composer *\/\n\n\/* custom css - generated by TagDiv Composer *\/\n\/* custom css - generated by TagDiv Composer *\/\n.tdi_2{\r\n                    min-height: 0;\r\n                }\n\/* inline tdc_css att - generated by TagDiv Composer *\/\n\n.tdi_2{\nmargin-top:50px !important;\n}\n\n<\/style><div id=\"tdi_3\" class=\"tdc-row stretch_row_1200 td-stretch-content\"><div class=\"vc_row tdi_4  wpb_row td-pb-row\" >\n<style scoped>\n\/* custom css - generated by TagDiv Composer *\/\n\n\/* custom css - generated by TagDiv Composer *\/\n\/* custom css - generated by TagDiv Composer *\/\n.tdi_4,\r\n                .tdi_4 .tdc-columns{\r\n                    min-height: 0;\r\n                }.tdi_4,\r\n\t\t\t\t.tdi_4 .tdc-columns{\r\n\t\t\t\t    display: block;\r\n\t\t\t\t}.tdi_4 .tdc-columns{\r\n\t\t\t\t    width: 100%;\r\n\t\t\t\t}\n<\/style><div class=\"vc_column tdi_6  wpb_column vc_column_container tdc-column td-pb-span12\">\n<style scoped>\n\/* custom css - generated by TagDiv Composer *\/\n\n\/* custom css - generated by TagDiv Composer *\/\n\/* custom css - generated by TagDiv Composer *\/\n.tdi_6{\r\n                    vertical-align: baseline;\r\n                }.tdi_6 > .wpb_wrapper,\r\n\t\t\t\t.tdi_6 > .wpb_wrapper > .tdc-elements{\r\n\t\t\t\t    display: block;\r\n\t\t\t\t}.tdi_6 > .wpb_wrapper > .tdc-elements{\r\n\t\t\t\t    width: 100%;\r\n\t\t\t\t}.tdi_6 > .wpb_wrapper > .vc_row_inner{\r\n\t\t\t\t    width: auto;\r\n\t\t\t\t}.tdi_6 > .wpb_wrapper{\r\n\t\t\t\t    width: auto;\r\n\t\t\t\t    height: auto;\r\n\t\t\t\t}\n<\/style><div class=\"wpb_wrapper\" ><div class=\"td_block_wrap tdb_title tdi_7 tdb-page-title td-pb-border-top td_block_template_1\"  data-td-block-uid=\"tdi_7\" >\n<style>\n\/* custom css - generated by TagDiv Composer *\/\n\/* custom css - generated by TagDiv Composer *\/\n.tdb_title{\r\n                  margin-bottom: 19px;\r\n                }.tdb_title.tdb-content-horiz-center{\r\n                  text-align: center;\r\n                }.tdb_title.tdb-content-horiz-center .tdb-title-line{\r\n                  margin: 0 auto;\r\n                }.tdb_title.tdb-content-horiz-right{\r\n                  text-align: right;\r\n                }.tdb_title.tdb-content-horiz-right .tdb-title-line{\r\n                  margin-left: auto;\r\n                  margin-right: 0;\r\n                }.tdb-title-text{\r\n                  display: inline-block;\r\n                  position: relative;\r\n                  margin: 0;\r\n                  word-wrap: break-word;\r\n                  font-size: 30px;\r\n                  line-height: 38px;\r\n                  font-weight: 700;\r\n                }.tdb-first-letter{\r\n                  position: absolute;\r\n                  -webkit-user-select: none;\r\n                  user-select: none;\r\n                  pointer-events: none;\r\n                  text-transform: uppercase;\r\n                  color: rgba(0, 0, 0, 0.08);\r\n                  font-size: 6em;\r\n                  font-weight: 300;\r\n                  top: 50%;\r\n                  -webkit-transform: translateY(-50%);\r\n                  transform: translateY(-50%);\r\n                  left: -0.36em;\r\n                  z-index: -1;\r\n                  -webkit-text-fill-color: initial;\r\n                }.tdb-title-line{\r\n                  display: none;\r\n                  position: relative;\r\n                }.tdb-title-line:after{\r\n                  content: '';\r\n                  width: 100%;\r\n                  position: absolute;\r\n                  background-color: var(--td_theme_color, #4db2ec);\r\n                  top: 0;\r\n                  left: 0;\r\n                  margin: auto;\r\n                }.tdi_7 .tdb-title-text{\r\n\t\t\t\t\tcolor: var(--cs-red);\r\n\t\t\t\t}.tdi_7 .tdb-title-line:after{\r\n\t\t\t\t\theight: 2px;\r\n\t\t\t\t\r\n\t\t\t\t\tbottom: 40%;\r\n\t\t\t\t}.tdi_7 .tdb-title-line{\r\n\t\t\t\t\theight: 50px;\r\n\t\t\t\t}.td-theme-wrap .tdi_7{\r\n\t\t\t\t\ttext-align: left;\r\n\t\t\t\t}.tdi_7 .tdb-first-letter{\r\n\t\t\t\t\tleft: -0.36em;\r\n\t\t\t\t\tright: auto;\r\n\t\t\t\t}\n<\/style><div class=\"tdb-block-inner td-fix-index\"><h1 class=\"tdb-title-text\">Sample Page Title<\/h1><div><\/div><div class=\"tdb-title-line\"><\/div><\/div><\/div><\/div><\/div><\/div><\/div><div id=\"tdi_8\" class=\"tdc-row stretch_row_1200 td-stretch-content\"><div class=\"vc_row tdi_9  wpb_row td-pb-row\" >\n<style scoped>\n\/* custom css - generated by TagDiv Composer *\/\n\n\/* custom css - generated by TagDiv Composer *\/\n\/* custom css - generated by TagDiv Composer *\/\n.tdi_9,\r\n                .tdi_9 .tdc-columns{\r\n                    min-height: 0;\r\n                }.tdi_9,\r\n\t\t\t\t.tdi_9 .tdc-columns{\r\n\t\t\t\t    display: block;\r\n\t\t\t\t}.tdi_9 .tdc-columns{\r\n\t\t\t\t    width: 100%;\r\n\t\t\t\t}\n<\/style><div class=\"vc_column tdi_11  wpb_column vc_column_container tdc-column td-pb-span8\">\n<style scoped>\n\/* custom css - generated by TagDiv Composer *\/\n\n\/* custom css - generated by TagDiv Composer *\/\n\/* custom css - generated by TagDiv Composer *\/\n.tdi_11{\r\n                    vertical-align: baseline;\r\n                }.tdi_11 > .wpb_wrapper,\r\n\t\t\t\t.tdi_11 > .wpb_wrapper > .tdc-elements{\r\n\t\t\t\t    display: block;\r\n\t\t\t\t}.tdi_11 > .wpb_wrapper > .tdc-elements{\r\n\t\t\t\t    width: 100%;\r\n\t\t\t\t}.tdi_11 > .wpb_wrapper > .vc_row_inner{\r\n\t\t\t\t    width: auto;\r\n\t\t\t\t}.tdi_11 > .wpb_wrapper{\r\n\t\t\t\t    width: auto;\r\n\t\t\t\t    height: auto;\r\n\t\t\t\t}\n<\/style><div class=\"wpb_wrapper\" ><div class=\"tdm_block td_block_wrap tdm_block_inline_text tdi_12 td-pb-border-top td_block_template_1\"  data-td-block-uid=\"tdi_12\" >\n<style>\n\n\/* inline tdc_css att - generated by TagDiv Composer *\/\n\n.tdi_12{\nmargin-bottom:40px !important;\nborder-color:#000000 !important;\nwidth:90% !important;\nborder-style:solid !important;\nborder-width:0 !important;\n}\n\n\/* landscape *\/\n@media (min-width: 1019px) and (max-width: 1140px)\n{\n.tdi_12{\nmargin-bottom:30px !important;\nwidth:95% !important;\n}\n}\n\n\/* portrait *\/\n@media (min-width: 768px) and (max-width: 1018px)\n{\n.tdi_12{\nmargin-top:-5px !important;\nmargin-bottom:20px !important;\nwidth:100% !important;\n}\n}\n\n\/* phone *\/\n@media (max-width: 767px)\n{\n.tdi_12{\nmargin-bottom:30px !important;\nwidth:100% !important;\n}\n}\n\n<\/style>\n<style>\n\/* custom css - generated by TagDiv Composer *\/\n\/* custom css - generated by TagDiv Composer *\/\n.tdm_block.tdm_block_inline_text{\r\n                  margin-bottom: 0;\r\n                  vertical-align: top;\r\n                }.tdm_block.tdm_block_inline_text .tdm-descr{\r\n                  margin-bottom: 0;\r\n                  -webkit-transform: translateZ(0);\r\n                  transform: translateZ(0);\r\n                }.tdc-row-content-vert-center .tdm-inline-text-yes{\r\n                  vertical-align: middle;\r\n                }.tdc-row-content-vert-bottom .tdm-inline-text-yes{\r\n                  vertical-align: bottom;\r\n                }.tdi_12{\r\n                    text-align: left !important;\r\n                }.tdi_12 .tdm-descr{\r\n                    color: #000000;\r\n                \r\n\t\t\t\t\tfont-family: var(--global-2) !important;font-size:20px !important;line-height:1.5 !important;font-weight:400 !important;\r\n\t\t\t\t}\n\n\/* landscape *\/\n@media (min-width: 1019px) and (max-width: 1140px){\n\/* custom css - generated by TagDiv Composer *\/\n.tdi_12 .tdm-descr{\r\n\t\t\t\t\tfont-size:18px !important;\r\n\t\t\t\t}\n}\n\n\/* portrait *\/\n@media (min-width: 768px) and (max-width: 1018px){\n\/* custom css - generated by TagDiv Composer *\/\n.tdi_12 .tdm-descr{\r\n\t\t\t\t\tfont-size:16px !important;\r\n\t\t\t\t}\n}\n\n\/* phone *\/\n@media (max-width: 767px){\n\/* custom css - generated by TagDiv Composer *\/\n.tdi_12 .tdm-descr{\r\n\t\t\t\t\tfont-size:18px !important;\r\n\t\t\t\t}\n}\n<\/style><p class=\"tdm-descr\">Konkurs j\u0119zyka angielskiego \u201ePoka\u017c nam sw\u00f3j j\u0119zyk bez granic\u201d adresowany jest do uczni\u00f3w klas \u00f3smych ze szk\u00f3\u0142 podstawowych Sosnowca i miast o\u015bciennych. \n<\/p><\/div><div class=\"tdm_block td_block_wrap tdm_block_inline_text tdi_13 tdm-inline-block td-pb-border-top td_block_template_1\"  data-td-block-uid=\"tdi_13\" >\n<style>\n\n\/* inline tdc_css att - generated by TagDiv Composer *\/\n\n.tdi_13{\nmargin-bottom:40px !important;\nborder-color:#000000 !important;\nwidth:90% !important;\nborder-style:solid !important;\nborder-width:0 !important;\n}\n\n\/* landscape *\/\n@media (min-width: 1019px) and (max-width: 1140px)\n{\n.tdi_13{\nmargin-bottom:30px !important;\nwidth:95% !important;\n}\n}\n\n\/* portrait *\/\n@media (min-width: 768px) and (max-width: 1018px)\n{\n.tdi_13{\nmargin-top:-5px !important;\nmargin-bottom:20px !important;\nwidth:100% !important;\n}\n}\n\n\/* phone *\/\n@media (max-width: 767px)\n{\n.tdi_13{\nmargin-bottom:30px !important;\nwidth:100% !important;\n}\n}\n\n<\/style>\n<style>\n\/* custom css - generated by TagDiv Composer *\/\n\/* custom css - generated by TagDiv Composer *\/\n.tdi_13{\r\n                    text-align: left !important;\r\n                }.tdi_13 .tdm-descr{\r\n                    color: #000000;\r\n                \r\n\t\t\t\t\tfont-family: var(--global-2) !important;font-size:20px !important;line-height:1.5 !important;font-weight:400 !important;\r\n\t\t\t\t}\n\n\/* landscape *\/\n@media (min-width: 1019px) and (max-width: 1140px){\n\/* custom css - generated by TagDiv Composer *\/\n.tdi_13 .tdm-descr{\r\n\t\t\t\t\tfont-size:18px !important;\r\n\t\t\t\t}\n}\n\n\/* portrait *\/\n@media (min-width: 768px) and (max-width: 1018px){\n\/* custom css - generated by TagDiv Composer *\/\n.tdi_13 .tdm-descr{\r\n\t\t\t\t\tfont-size:16px !important;\r\n\t\t\t\t}\n}\n\n\/* phone *\/\n@media (max-width: 767px){\n\/* custom css - generated by TagDiv Composer *\/\n.tdi_13 .tdm-descr{\r\n\t\t\t\t\tfont-size:18px !important;\r\n\t\t\t\t}\n}\n<\/style><p class=\"tdm-descr\">G\u0142\u00f3wnym celem konkursu jest motywowanie uczni\u00f3w do nauki j\u0119zyka angielskiego oraz promowanie zintegrowanego nauczania przedmiotowo-j\u0119zykowego, realizowanego  w klasach dwuj\u0119zycznych. <\/p><\/div><div class=\"tdm_block td_block_wrap tdm_block_inline_text tdi_14 tdm-inline-block td-pb-border-top td_block_template_1\"  data-td-block-uid=\"tdi_14\" >\n<style>\n\n\/* inline tdc_css att - generated by TagDiv Composer *\/\n\n.tdi_14{\nmargin-bottom:40px !important;\nborder-color:#000000 !important;\nwidth:90% !important;\nborder-style:solid !important;\nborder-width:0 !important;\n}\n\n\/* landscape *\/\n@media (min-width: 1019px) and (max-width: 1140px)\n{\n.tdi_14{\nmargin-bottom:30px !important;\nwidth:95% !important;\n}\n}\n\n\/* portrait *\/\n@media (min-width: 768px) and (max-width: 1018px)\n{\n.tdi_14{\nmargin-top:-5px !important;\nmargin-bottom:20px !important;\nwidth:100% !important;\n}\n}\n\n\/* phone *\/\n@media (max-width: 767px)\n{\n.tdi_14{\nmargin-bottom:30px !important;\nwidth:100% !important;\n}\n}\n\n<\/style>\n<style>\n\/* custom css - generated by TagDiv Composer *\/\n\/* custom css - generated by TagDiv Composer *\/\n.tdi_14{\r\n                    text-align: left !important;\r\n                }.tdi_14 .tdm-descr{\r\n                    color: #000000;\r\n                \r\n\t\t\t\t\tfont-family: var(--global-2) !important;font-size:20px !important;line-height:1.5 !important;font-weight:400 !important;\r\n\t\t\t\t}\n\n\/* landscape *\/\n@media (min-width: 1019px) and (max-width: 1140px){\n\/* custom css - generated by TagDiv Composer *\/\n.tdi_14 .tdm-descr{\r\n\t\t\t\t\tfont-size:18px !important;\r\n\t\t\t\t}\n}\n\n\/* portrait *\/\n@media (min-width: 768px) and (max-width: 1018px){\n\/* custom css - generated by TagDiv Composer *\/\n.tdi_14 .tdm-descr{\r\n\t\t\t\t\tfont-size:16px !important;\r\n\t\t\t\t}\n}\n\n\/* phone *\/\n@media (max-width: 767px){\n\/* custom css - generated by TagDiv Composer *\/\n.tdi_14 .tdm-descr{\r\n\t\t\t\t\tfont-size:18px !important;\r\n\t\t\t\t}\n}\n<\/style><p class=\"tdm-descr\">Konkurs  polega na rozwi\u0105zaniu pisemnego arkusza, sprawdzaj\u0105cego kompetencje gramatyczne j. angielskiego, s\u0142ownictwo i zwroty  w zakresie jednostek tematycznych realizowanych w szkole podstawowej; umiej\u0119tno\u015b\u0107 rozumienia tekstu czytanego oraz umiej\u0119tno\u015b\u0107  tworzenia kr\u00f3tkiej wypowiedzi pisemnej w j\u0119zyku angielskim. \n<br>\n<br>\n<center>\n<a href=\"https:\/\/plater.edu.pl\/liceum\/wp-content\/uploads\/2025\/12\/Reg_Pokaz_nam-swoj_jezyk_bez_granic_grudzien-2025.pdf\" target=\"_blank\" >REGULAMIN VI WOJEW\u00d3DZKIEGO KONKURSU J\u0118ZYKA ANGIELSKIEGO \u201ePOKA\u017b NAM SW\u00d3J J\u0118ZYK BEZ GRANIC \u2013 grudzie\u0144 2025\u201d\n<\/a>\n<\/p><\/div><div class=\"tdm_block td_block_wrap tdm_block_inline_text tdi_15 td-pb-border-top td_block_template_1\"  data-td-block-uid=\"tdi_15\" >\n<style>\n\n\/* inline tdc_css att - generated by TagDiv Composer *\/\n\n.tdi_15{\nmargin-bottom:40px !important;\nborder-color:#000000 !important;\nwidth:90% !important;\nborder-style:solid !important;\nborder-width:0 !important;\n}\n\n\/* landscape *\/\n@media (min-width: 1019px) and (max-width: 1140px)\n{\n.tdi_15{\nmargin-bottom:30px !important;\nwidth:95% !important;\n}\n}\n\n\/* portrait *\/\n@media (min-width: 768px) and (max-width: 1018px)\n{\n.tdi_15{\nmargin-top:-5px !important;\nmargin-bottom:20px !important;\nwidth:100% !important;\n}\n}\n\n\/* phone *\/\n@media (max-width: 767px)\n{\n.tdi_15{\nmargin-bottom:30px !important;\nwidth:100% !important;\n}\n}\n\n<\/style>\n<style>\n\/* custom css - generated by TagDiv Composer *\/\n\/* custom css - generated by TagDiv Composer *\/\n.tdi_15{\r\n                    text-align: left !important;\r\n                }.tdi_15 .tdm-descr{\r\n                    color: #000000;\r\n                \r\n\t\t\t\t\tfont-family: var(--global-2) !important;font-size:20px !important;line-height:1.5 !important;font-weight:400 !important;\r\n\t\t\t\t}\n\n\/* landscape *\/\n@media (min-width: 1019px) and (max-width: 1140px){\n\/* custom css - generated by TagDiv Composer *\/\n.tdi_15 .tdm-descr{\r\n\t\t\t\t\tfont-size:18px !important;\r\n\t\t\t\t}\n}\n\n\/* portrait *\/\n@media (min-width: 768px) and (max-width: 1018px){\n\/* custom css - generated by TagDiv Composer *\/\n.tdi_15 .tdm-descr{\r\n\t\t\t\t\tfont-size:16px !important;\r\n\t\t\t\t}\n}\n\n\/* phone *\/\n@media (max-width: 767px){\n\/* custom css - generated by TagDiv Composer *\/\n.tdi_15 .tdm-descr{\r\n\t\t\t\t\tfont-size:18px !important;\r\n\t\t\t\t}\n}\n<\/style><p class=\"tdm-descr\">Konkurs organizowany jest od 2020 roku.<\/p><\/div><\/div><\/div><div class=\"vc_column tdi_17  wpb_column vc_column_container tdc-column td-pb-span4\">\n<style scoped>\n\/* custom css - generated by TagDiv Composer *\/\n\n\/* custom css - generated by TagDiv Composer *\/\n\/* custom css - generated by TagDiv Composer *\/\n.tdi_17{\r\n                    vertical-align: baseline;\r\n                }.tdi_17 > .wpb_wrapper,\r\n\t\t\t\t.tdi_17 > .wpb_wrapper > .tdc-elements{\r\n\t\t\t\t    display: block;\r\n\t\t\t\t}.tdi_17 > .wpb_wrapper > .tdc-elements{\r\n\t\t\t\t    width: 100%;\r\n\t\t\t\t}.tdi_17 > .wpb_wrapper > .vc_row_inner{\r\n\t\t\t\t    width: auto;\r\n\t\t\t\t}.tdi_17 > .wpb_wrapper{\r\n\t\t\t\t    width: auto;\r\n\t\t\t\t    height: auto;\r\n\t\t\t\t}\n<\/style><div class=\"wpb_wrapper\" ><div class=\"tdm_block td_block_wrap tdm_block_inline_image tdi_18 td-animation-stack tdm-inline-block tdm-content-horiz-left td-pb-border-top td_block_template_1\"  data-td-block-uid=\"tdi_18\" >\n<style>\n\/* custom css - generated by TagDiv Composer *\/\n\/* custom css - generated by TagDiv Composer *\/\n.tdm_block.tdm_block_inline_image{\r\n                  position: relative;\r\n                  margin-bottom: 0;\r\n                  line-height: 0;\r\n                }.tdm_block.tdm_block_inline_image .tdm-inline-image-wrap{\r\n                  position: relative;\r\n                  display: inline-block;\r\n                }.tdm_block.tdm_block_inline_image .td-image-video-modal{\r\n                  cursor: pointer;\r\n                }.tdm_block.tdm_block_inline_image .tdm-caption{\r\n                  width: 100%;\r\n                  font-family: Verdana, BlinkMacSystemFont, -apple-system, \"Segoe UI\", Roboto, Oxygen, Ubuntu, Cantarell, \"Open Sans\", \"Helvetica Neue\", sans-serif;\r\n                  padding-top: 6px;\r\n                  padding-bottom: 6px;\r\n                  font-size: 12px;\r\n                  font-style: italic;\r\n                  font-weight: normal;\r\n                  line-height: 17px;\r\n                  color: #444;\r\n                }.tdm_block.tdm_block_inline_image.tdm-caption-over-image .tdm-caption{\r\n                  position: absolute;\r\n                  left: 0;\r\n                  bottom: 0;\r\n                  margin-top: 0;\r\n                  padding-left: 10px;\r\n                  padding-right: 10px;\r\n                  width: 100%;\r\n                  background: rgba(0, 0, 0, 0.7);\r\n                  color: #fff;\r\n                }.tdi_18 .tdm-inline-image-wrap:hover:before{\r\n                    opacity: 0;\r\n                }\n<\/style><div class=\"tdm-inline-image-wrap \" ><img loading=\"lazy\" decoding=\"async\" class=\"tdm-image td-fix-index td-lazy-img\" src=\"data:image\/png;base64,iVBORw0KGgoAAAANSUhEUgAABCwAAAJEAQMAAADnqyfeAAAAA1BMVEWurq51dlI4AAAAAXRSTlMmkutdmwAAAG9JREFUeNrswYEAAAAAgKD9qRepAgAAAAAAAAAAAAAAAAAAAAAAAAAAAAAAAAAAAAAAAAAAAAAAAAAAAAAAAAAAAAAAAAAAAAAAAAAAAADg9uCQAAAAAEDQ\/9fOsAAAAAAAAAAAAAAAAAAAAAAAsAox6wABwRHV3QAAAABJRU5ErkJggg==\" data-type=\"image_tag\" data-img-url=\"https:\/\/plater.edu.pl\/liceum\/wp-content\/uploads\/2024\/04\/logo-pnsjbg-1.png\"  title=\"logo-pnsjbg\" width=\"256\" height=\"256\"><\/div><\/div><\/div><\/div><\/div><\/div><\/div><\/div>","protected":false},"excerpt":{"rendered":"","protected":false},"author":1,"featured_media":0,"parent":0,"menu_order":0,"comment_status":"closed","ping_status":"closed","template":"","meta":{"_acf_changed":false,"_stopmodifiedupdate":false,"_modified_date":"","footnotes":""},"categories":[124],"tags":[],"class_list":{"0":"post-2637","1":"page","2":"type-page","3":"status-publish","5":"category-stale-projekty"},"acf":[],"_links":{"self":[{"href":"https:\/\/plater.edu.pl\/liceum\/wp-json\/wp\/v2\/pages\/2637","targetHints":{"allow":["GET"]}}],"collection":[{"href":"https:\/\/plater.edu.pl\/liceum\/wp-json\/wp\/v2\/pages"}],"about":[{"href":"https:\/\/plater.edu.pl\/liceum\/wp-json\/wp\/v2\/types\/page"}],"author":[{"embeddable":true,"href":"https:\/\/plater.edu.pl\/liceum\/wp-json\/wp\/v2\/users\/1"}],"replies":[{"embeddable":true,"href":"https:\/\/plater.edu.pl\/liceum\/wp-json\/wp\/v2\/comments?post=2637"}],"version-history":[{"count":7,"href":"https:\/\/plater.edu.pl\/liceum\/wp-json\/wp\/v2\/pages\/2637\/revisions"}],"predecessor-version":[{"id":6456,"href":"https:\/\/plater.edu.pl\/liceum\/wp-json\/wp\/v2\/pages\/2637\/revisions\/6456"}],"wp:attachment":[{"href":"https:\/\/plater.edu.pl\/liceum\/wp-json\/wp\/v2\/media?parent=2637"}],"wp:term":[{"taxonomy":"category","embeddable":true,"href":"https:\/\/plater.edu.pl\/liceum\/wp-json\/wp\/v2\/categories?post=2637"},{"taxonomy":"post_tag","embeddable":true,"href":"https:\/\/plater.edu.pl\/liceum\/wp-json\/wp\/v2\/tags?post=2637"}],"curies":[{"name":"wp","href":"https:\/\/api.w.org\/{rel}","templated":true}]}}