{"id":5062,"date":"2025-02-10T09:27:39","date_gmt":"2025-02-10T08:27:39","guid":{"rendered":"https:\/\/plater.edu.pl\/liceum\/?page_id=5062"},"modified":"2025-02-10T10:10:06","modified_gmt":"2025-02-10T09:10:06","slug":"historia-ii-lo-im-emilii-plater","status":"publish","type":"page","link":"https:\/\/plater.edu.pl\/liceum\/historia-ii-lo-im-emilii-plater\/","title":{"rendered":"Historia II LO im. Emilii Plater"},"content":{"rendered":"<div id=\"tdi_1\" class=\"tdc-zone\"><div class=\"tdc_zone tdi_2  wpb_row td-pb-row\"  >\n<style scoped>\n\/* custom css - generated by TagDiv Composer *\/\n\n\/* custom css - generated by TagDiv Composer *\/\n\/* custom css - generated by TagDiv Composer *\/\n.tdi_2{\r\n                    min-height: 0;\r\n                }\n<\/style><div id=\"tdi_3\" class=\"tdc-row\"><div class=\"vc_row tdi_4  wpb_row td-pb-row\" >\n<style scoped>\n\/* custom css - generated by TagDiv Composer *\/\n\n\/* custom css - generated by TagDiv Composer *\/\n\/* custom css - generated by TagDiv Composer *\/\n.tdi_4,\r\n                .tdi_4 .tdc-columns{\r\n                    min-height: 0;\r\n                }.tdi_4,\r\n\t\t\t\t.tdi_4 .tdc-columns{\r\n\t\t\t\t    display: block;\r\n\t\t\t\t}.tdi_4 .tdc-columns{\r\n\t\t\t\t    width: 100%;\r\n\t\t\t\t}\n<\/style><div class=\"vc_column tdi_6  wpb_column vc_column_container tdc-column td-pb-span12\">\n<style scoped>\n\/* custom css - generated by TagDiv Composer *\/\n\n\/* custom css - generated by TagDiv Composer *\/\n\/* custom css - generated by TagDiv Composer *\/\n.tdi_6{\r\n                    vertical-align: baseline;\r\n                }.tdi_6 > .wpb_wrapper,\r\n\t\t\t\t.tdi_6 > .wpb_wrapper > .tdc-elements{\r\n\t\t\t\t    display: block;\r\n\t\t\t\t}.tdi_6 > .wpb_wrapper > .tdc-elements{\r\n\t\t\t\t    width: 100%;\r\n\t\t\t\t}.tdi_6 > .wpb_wrapper > .vc_row_inner{\r\n\t\t\t\t    width: auto;\r\n\t\t\t\t}.tdi_6 > .wpb_wrapper{\r\n\t\t\t\t    width: auto;\r\n\t\t\t\t    height: auto;\r\n\t\t\t\t}\n<\/style><div class=\"wpb_wrapper\" ><\/div><\/div><\/div><\/div><div id=\"tdi_7\" class=\"tdc-row\"><div class=\"vc_row tdi_8  wpb_row td-pb-row\" >\n<style scoped>\n\/* custom css - generated by TagDiv Composer *\/\n\n\/* custom css - generated by TagDiv Composer *\/\n\/* custom css - generated by TagDiv Composer *\/\n.tdi_8,\r\n                .tdi_8 .tdc-columns{\r\n                    min-height: 0;\r\n                }.tdi_8,\r\n\t\t\t\t.tdi_8 .tdc-columns{\r\n\t\t\t\t    display: block;\r\n\t\t\t\t}.tdi_8 .tdc-columns{\r\n\t\t\t\t    width: 100%;\r\n\t\t\t\t}\n<\/style><div class=\"vc_column tdi_10  wpb_column vc_column_container tdc-column td-pb-span12\">\n<style scoped>\n\/* custom css - generated by TagDiv Composer *\/\n\n\/* custom css - generated by TagDiv Composer *\/\n\/* custom css - generated by TagDiv Composer *\/\n.tdi_10{\r\n                    vertical-align: baseline;\r\n                }.tdi_10 > .wpb_wrapper,\r\n\t\t\t\t.tdi_10 > .wpb_wrapper > .tdc-elements{\r\n\t\t\t\t    display: block;\r\n\t\t\t\t}.tdi_10 > .wpb_wrapper > .tdc-elements{\r\n\t\t\t\t    width: 100%;\r\n\t\t\t\t}.tdi_10 > .wpb_wrapper > .vc_row_inner{\r\n\t\t\t\t    width: auto;\r\n\t\t\t\t}.tdi_10 > .wpb_wrapper{\r\n\t\t\t\t    width: auto;\r\n\t\t\t\t    height: auto;\r\n\t\t\t\t}\n<\/style><div class=\"wpb_wrapper\" ><div class=\"tdm_block td_block_wrap tdm_block_inline_text tdi_11 tdm-inline-block td-pb-border-top td_block_template_1\"  data-td-block-uid=\"tdi_11\" >\n<style>\n\/* custom css - generated by TagDiv Composer *\/\n\/* custom css - generated by TagDiv Composer *\/\n.tdm_block.tdm_block_inline_text{\r\n                  margin-bottom: 0;\r\n                  vertical-align: top;\r\n                }.tdm_block.tdm_block_inline_text .tdm-descr{\r\n                  margin-bottom: 0;\r\n                  -webkit-transform: translateZ(0);\r\n                  transform: translateZ(0);\r\n                }.tdc-row-content-vert-center .tdm-inline-text-yes{\r\n                  vertical-align: middle;\r\n                }.tdc-row-content-vert-bottom .tdm-inline-text-yes{\r\n                  vertical-align: bottom;\r\n                }.tdi_11{\r\n                    text-align: left !important;\r\n                }\n<\/style><p class=\"tdm-descr\"><br>\n<br><\/p><\/div><\/div><\/div><\/div><\/div><div id=\"tdi_12\" class=\"tdc-row\"><div class=\"vc_row tdi_13  wpb_row td-pb-row\" >\n<style scoped>\n\/* custom css - generated by TagDiv Composer *\/\n\n\/* custom css - generated by TagDiv Composer *\/\n\/* custom css - generated by TagDiv Composer *\/\n.tdi_13,\r\n                .tdi_13 .tdc-columns{\r\n                    min-height: 0;\r\n                }.tdi_13,\r\n\t\t\t\t.tdi_13 .tdc-columns{\r\n\t\t\t\t    display: block;\r\n\t\t\t\t}.tdi_13 .tdc-columns{\r\n\t\t\t\t    width: 100%;\r\n\t\t\t\t}\n<\/style><div class=\"vc_column tdi_15  wpb_column vc_column_container tdc-column td-pb-span12\">\n<style scoped>\n\/* custom css - generated by TagDiv Composer *\/\n\n\/* custom css - generated by TagDiv Composer *\/\n\/* custom css - generated by TagDiv Composer *\/\n.tdi_15{\r\n                    vertical-align: baseline;\r\n                }.tdi_15 > .wpb_wrapper,\r\n\t\t\t\t.tdi_15 > .wpb_wrapper > .tdc-elements{\r\n\t\t\t\t    display: block;\r\n\t\t\t\t}.tdi_15 > .wpb_wrapper > .tdc-elements{\r\n\t\t\t\t    width: 100%;\r\n\t\t\t\t}.tdi_15 > .wpb_wrapper > .vc_row_inner{\r\n\t\t\t\t    width: auto;\r\n\t\t\t\t}.tdi_15 > .wpb_wrapper{\r\n\t\t\t\t    width: auto;\r\n\t\t\t\t    height: auto;\r\n\t\t\t\t}\n<\/style><div class=\"wpb_wrapper\" ><div class=\"td_block_wrap tdb_title tdi_16 tdb-page-title td-pb-border-top td_block_template_1\"  data-td-block-uid=\"tdi_16\" >\n<style>\n\/* custom css - generated by TagDiv Composer *\/\n\/* custom css - generated by TagDiv Composer *\/\n.tdb_title{\r\n                  margin-bottom: 19px;\r\n                }.tdb_title.tdb-content-horiz-center{\r\n                  text-align: center;\r\n                }.tdb_title.tdb-content-horiz-center .tdb-title-line{\r\n                  margin: 0 auto;\r\n                }.tdb_title.tdb-content-horiz-right{\r\n                  text-align: right;\r\n                }.tdb_title.tdb-content-horiz-right .tdb-title-line{\r\n                  margin-left: auto;\r\n                  margin-right: 0;\r\n                }.tdb-title-text{\r\n                  display: inline-block;\r\n                  position: relative;\r\n                  margin: 0;\r\n                  word-wrap: break-word;\r\n                  font-size: 30px;\r\n                  line-height: 38px;\r\n                  font-weight: 700;\r\n                }.tdb-first-letter{\r\n                  position: absolute;\r\n                  -webkit-user-select: none;\r\n                  user-select: none;\r\n                  pointer-events: none;\r\n                  text-transform: uppercase;\r\n                  color: rgba(0, 0, 0, 0.08);\r\n                  font-size: 6em;\r\n                  font-weight: 300;\r\n                  top: 50%;\r\n                  -webkit-transform: translateY(-50%);\r\n                  transform: translateY(-50%);\r\n                  left: -0.36em;\r\n                  z-index: -1;\r\n                  -webkit-text-fill-color: initial;\r\n                }.tdb-title-line{\r\n                  display: none;\r\n                  position: relative;\r\n                }.tdb-title-line:after{\r\n                  content: '';\r\n                  width: 100%;\r\n                  position: absolute;\r\n                  background-color: var(--td_theme_color, #4db2ec);\r\n                  top: 0;\r\n                  left: 0;\r\n                  margin: auto;\r\n                }.tdi_16 .tdb-title-text{\r\n\t\t\t\t\tcolor: var(--cs-red);\r\n\t\t\t\t\r\n\t\t\t\t\tfont-size:40px !important;\r\n\t\t\t\t}.tdi_16 .tdb-title-line:after{\r\n\t\t\t\t\theight: 2px;\r\n\t\t\t\t\r\n\t\t\t\t\tbottom: 40%;\r\n\t\t\t\t}.tdi_16 .tdb-title-line{\r\n\t\t\t\t\theight: 50px;\r\n\t\t\t\t}.td-theme-wrap .tdi_16{\r\n\t\t\t\t\ttext-align: left;\r\n\t\t\t\t}.tdi_16 .tdb-first-letter{\r\n\t\t\t\t\tleft: -0.36em;\r\n\t\t\t\t\tright: auto;\r\n\t\t\t\t}\n<\/style><div class=\"tdb-block-inner td-fix-index\"><h1 class=\"tdb-title-text\">Sample Page Title<\/h1><div><\/div><div class=\"tdb-title-line\"><\/div><\/div><\/div><div class=\"tdm_block td_block_wrap tdm_block_inline_text tdi_17 tdm-inline-block td-pb-border-top td_block_template_1\"  data-td-block-uid=\"tdi_17\" >\n<style>\n\/* custom css - generated by TagDiv Composer *\/\n\/* custom css - generated by TagDiv Composer *\/\n.tdi_17{\r\n                    text-align: left !important;\r\n                }\n<\/style><p class=\"tdm-descr\">&nbsp;&nbsp;&nbsp;&nbsp;&nbsp;&nbsp;&nbsp;&nbsp;Pocz\u0105tek dzisiejszemu Liceum da\u0142a 7-klasowa prywatna szko\u0142a \u017ce\u0144ska, utworzona w 1908 r. Mie\u015bci\u0142a si\u0119 w budynku przy ul. Modrzejowskiej 22, a kierowa\u0142a ni\u0105, jako prze\u0142o\u017cona, J\u00f3zefa Siwikowa. W 1910 r. J. Siwikowa odkupi\u0142a szko\u0142\u0119 za kwot\u0119 kilku tysi\u0119cy rubli i przenios\u0142a j\u0105 do wynaj\u0119tego budynku przy ul. Fabrycznej 7 (obecnie Ma\u0142achowskiego 5). Jednocze\u015bnie przemianowa\u0142a plac\u00f3wk\u0119 na 7-klasow\u0105 szko\u0142\u0119 handlow\u0105, podleg\u0142\u0105 Ministerstwu Przemys\u0142u i Handlu.\n<br>\n&nbsp;&nbsp;&nbsp;&nbsp;&nbsp;&nbsp;&nbsp;&nbsp;Na prze\u0142omie lat 1917 i 1918 szko\u0142a zosta\u0142a uspo\u0142eczniona i przekszta\u0142cona w 8-klasowe Gimnazjum \u017be\u0144skie Polskiej Macierzy Szkolnej. Po odzyskaniu niepodleg\u0142o\u015bci, w 1919 r. przyj\u0119\u0142o ono profil humanistyczny.\n<br>\n&nbsp;&nbsp;&nbsp;&nbsp;&nbsp;&nbsp;&nbsp;&nbsp;Du\u017ce znaczenie dla dalszej dzia\u0142alno\u015bci szko\u0142y mia\u0142o jej upa\u0144stwowienie z dniem 1 sierpnia 1921r  Szko\u0142a przyj\u0119\u0142a nazw\u0119 Gimnazjum Pa\u0144stwowego im. Emilii Plater, kt\u00f3r\u0105 w 1934 r. zmieniono na Pa\u0144stwowe Gimnazjum im. E. Plater, a p\u00f3\u017aniej na Pa\u0144stwowe Gimnazjum i Liceum im. E. Plater.\n<br>\n&nbsp;&nbsp;&nbsp;&nbsp;&nbsp;&nbsp;&nbsp;&nbsp;Szko\u0142a osi\u0105gn\u0119\u0142a wysoki poziom nauczania i bardzo dobre efekty wychowawcze. Pracowali tu wykszta\u0142ceni, zaanga\u017cowani nauczyciele, swoje kwalifikacje zawodowe podnosi\u0142a tak\u017ce dyrektorka, J. Siwikowa. Dba\u0142a ona o wszechstronny rozw\u00f3j uczennic i serdeczn\u0105, rodzinn\u0105 atmosfer\u0119, Podejmowa\u0142a starania o wyposa\u017cenie szko\u0142y w niezb\u0119dne pomoce naukowe i ksi\u0105\u017cki, zabiega\u0142a o popraw\u0119 warunk\u00f3w lokalowych plac\u00f3wki. \n<br>\n&nbsp;&nbsp;&nbsp;&nbsp;&nbsp;&nbsp;&nbsp;&nbsp;1 pa\u017adziernika 1934 r. oddano do u\u017cytku nowy budynek przy ul. Parkowej 1, kt\u00f3ry nadal jest siedzib\u0105 Liceum. Powsta\u0142 w du\u017cej mierze ze \u015brodk\u00f3w spo\u0142ecznych. Jednocze\u015bnie z dniem 1 sierpnia 1934 r. J.Siwikowa odesz\u0142a na emerytur\u0119. Kierownictwo plac\u00f3wki przej\u0119\u0142a Janina Str\u0105czy\u0144ska.\n<br>\n&nbsp;&nbsp;&nbsp;&nbsp;&nbsp;&nbsp;&nbsp;&nbsp;Przed wybuchem II wojny \u015bwiatowej w Gimnazjum i Liceum Og\u00f3lnokszta\u0142c\u0105cym im. E. Plater uczy\u0142o si\u0119 300 dziewcz\u0105t. Egzamin dojrza\u0142o\u015bci zda\u0142y w 1939 r. 24 uczennice. \n<br>\n&nbsp;&nbsp;&nbsp;&nbsp;&nbsp;&nbsp;&nbsp;&nbsp;Podczas okupacji hitlerowskiej w budynku szkolnym mie\u015bci\u0142y si\u0119 m.in. prezydium policji niemieckiej i stra\u017c po\u017carna. Pozbawiona mo\u017cliwo\u015bci legalnego kszta\u0142cenia m\u0142odzie\u017c ucz\u0119szcza\u0142a na tajne komplety, kt\u00f3re organizowani i prowadzili m.in. nauczyciele Plater \nWkr\u00f3tce po wyzwoleniu Sosnowca Gimnazjum i Liceum Og\u00f3lnokszta\u0142c\u0105ce im. E. Plater wznowi\u0142o dzia\u0142alno\u015b\u0107 dydaktyczn\u0105. Dyrektorka J. Str\u0105czy\u0144ska w\u0142o\u017cy\u0142a wiele energii i pracy w jego ponowne zorganizowanie i uruchomienie. \n<br>\n&nbsp;&nbsp;&nbsp;&nbsp;&nbsp;&nbsp;&nbsp;&nbsp;Od roku szkolnego 1956\/1957 szko\u0142a sta\u0142a si\u0119 plac\u00f3wk\u0105 koedukacyjn\u0105. \n<br>\n&nbsp;&nbsp;&nbsp;&nbsp;&nbsp;&nbsp;&nbsp;&nbsp;II Liceum Og\u00f3lnokszta\u0142c\u0105ce im. E. Plater  w swej dzia\u0142alno\u015bci edukacyjnej du\u017c\u0105 rol\u0119 przywi\u0105zuje do wzbogacania wiedzy uczni\u00f3w we wsp\u00f3\u0142pracy z  r\u00f3znymi o\u015brodkami akademickimi. Tradycje szko\u0142y w zakresie poszukiwania nowych metod pracy pedagogiczno-wychowawczej  si\u0119gaj\u0105 jeszcze lat 70., kiedy to  \u00f3wczesny dyrektor szko\u0142y, Adam Kierkowski,  zaincicjowa\u0142 powstawanie eksperymentalnych  klas biologiczno-chemicznych, kt\u00f3rych uczniowie niekt\u00f3re zaj\u0119cia odbywali w laboratorium Wydzia\u0142u Farmaceutycznego \u015al\u0105skiej Akademii Medycznej, pod kierunkiem pracownik\u00f3w naukowych tej uczelni. Po roku nawi\u0105zano r\u00f3wnie\u017c wsp\u00f3\u0142prac\u0119 z Wydzia\u0142em Biologii i Ochrony \u015arodowiska Uniwersytetu \u015al\u0105skiego. Te eksperymenty ddydaktyczne wesz\u0142y na sta\u0142e do praktyki  dydaktycznej, a z czasem obj\u0119\u0142y one r\u00f3wnie\u017c inne przedmioty nauczane w liceum. \n<br>\n&nbsp;&nbsp;&nbsp;&nbsp;&nbsp;&nbsp;&nbsp;&nbsp;Nawi\u0105zan\u0105 wcze\u015bniej wsp\u00f3\u0142prac\u0119 z wy\u017cszymi uczelniami szko\u0142a kontynuuje i rozwija (wyk\u0142ady, laboratoria, zaj\u0119cia terenowe prowadzone przez nauczycieli akademickich). Zawarta w kwietniu 2008 r. umowa z Uniwersytetem \u015al\u0105skim zapewni\u0142a jej opiek\u0119 naukow\u0105 ze strony tej uczelni w zakresie przedmiot\u00f3w humanistycznych, przyrodniczych i \u015bcis\u0142ych, ze szczeg\u00f3lnym uwzgl\u0119dnieniem klas z angielskim j\u0119zykiem wyk\u0142adowym Szko\u0142a utrzymuje r\u00f3wnie\u017c kontakty z Uniwersytetem Wroc\u0142awskim, Uniwersytetem Jagiello\u0144skim, Wydzia\u0142em Farmaceutycznym \u015al\u0105skiego Uniwersytetu Medycznego, Akademi\u0105 G\u00f3rniczo-Hutnicz\u0105 w Krakowie.<br>\n&nbsp;&nbsp;&nbsp;&nbsp;&nbsp;&nbsp;&nbsp;&nbsp;Na pocz\u0105tku lat 90. powsta\u0142y pierwsze klasy autorskie o profilach: klasycznym, biologiczno-chemicznym, a nast\u0119pnie matematyczno-informatycznym i biologiczno-chemicznym z ukierunkowaniem ekologicznym. Stworzy\u0142y one uzdolnionej m\u0142odzie\u017cy lepsze warcki rozwoju i umo\u017cliwi\u0142y jej pog\u0142\u0119bianie w\u0142asnych zainteresowa\u0144. Lekcje przedmiotowe zosta\u0142y wzbogacone o zaj\u0119cia dodatkowe m.in. w instytucjach naukowych i plac\u00f3wkach kultury. Wprowadzono r\u00f3wnie\u017c klasy z rozszerzonym programem nauczania j\u0119zyk\u00f3w obcych oraz oddzia\u0142y dwuj\u0119zyczne z angielskim j\u0119zykiem wyk\u0142adowymRozwojowi zainteresowa\u0144 i umiej\u0119tno\u015bci uczni\u00f3w s\u0142u\u017cy r\u00f3wnie\u017c wsp\u00f3\u0142praca Liceum ze szko\u0142ami europejskimi, m.in. w Holandii, Grecji, W\u0142oszech, Wielkiej Brytanii. M\u0142odzie\u017c uczestniczy w realizacji wielu projekt\u00f3w w ramach programu Socrates,  Comenius, Erasmus.\n<br>  \n&nbsp;&nbsp;&nbsp;&nbsp;&nbsp;&nbsp;&nbsp;&nbsp;Zadania pracy z m\u0142odzie\u017c\u0105 uzdolnion\u0105 Liceum realizuje poprzez ko\u0142a i zespo\u0142y zainteresowa\u0144 z r\u00f3\u017cnych dziedzin wiedzy.\n<br>\n&nbsp;&nbsp;&nbsp;&nbsp;&nbsp;&nbsp;&nbsp;&nbsp;W\u015br\u00f3d licznych imprez organizowanych w Liceum do najbardziej presti\u017cowych nale\u017c\u0105 coroczne mi\u0119dzyszkolne konkursy: Turniej Jednego Wiersza \"O Laur Plateranki\" (od 1992 r.) oraz Turniej J\u0119zykowy dla Uczni\u00f3w Szk\u00f3\u0142 \u015arednich (od 1994 r.). Patronat nad nimi sprawuje Urz\u0105d Miasta, a w jury zasiadaj\u0105 m.in. pracownicy naukowi Uniwersytetu \u015al\u0105skiego. Tradycj\u0105 szko\u0142y jest r\u00f3wnie\u017c rywalizacja sportowa na poziomie mi\u0119dzyszkolnym, wojew\u00f3dzkim. Do historii naszego miasta przesz\u0142y regaty wioslarskie Plater \u2013 Staszic rozgrywane od 1997 roku.\n<br>\n&nbsp;&nbsp;&nbsp;&nbsp;&nbsp;&nbsp;&nbsp;&nbsp;Idea\u0142y wychowawczo-edukacyjne II Liceum Og\u00f3lnokszta\u0142c\u0105cego z Oddzia\u0142ami Dwuj\u0119zycznymi im. Emilii Plater w Sosnowcu (taka jest oficjalna nazwa szko\u0142y) to przede wszystkim obraz absolwenta, cz\u0142owieka, kt\u00f3ry realizuj\u0105c si\u0119 w doros\u0142ym \u017cyciu prywatnym i zawodowym \u2013 cz\u0119sto poza Sosnowcem, chce jednocze\u015bnie wraca\u0107 do miejsc wa\u017cnych w osobistej formacji losu: nie zapomina o przesz\u0142o\u015bci z\u0142o\u017conej z miejsc, ludzi i czasu.\n\n\n<\/p><\/div><div class=\"tdm_block td_block_wrap tdm_block_inline_text tdi_18 tdm-inline-block td-pb-border-top td_block_template_1\"  data-td-block-uid=\"tdi_18\" >\n<style>\n\/* custom css - generated by TagDiv Composer *\/\n\/* custom css - generated by TagDiv Composer *\/\n.tdi_18{\r\n                    text-align: left !important;\r\n                }\n<\/style><p class=\"tdm-descr\"><br>\n<br><\/p><\/div><\/div><\/div><\/div><\/div><\/div><\/div>","protected":false},"excerpt":{"rendered":"","protected":false},"author":4,"featured_media":0,"parent":0,"menu_order":0,"comment_status":"closed","ping_status":"closed","template":"","meta":{"_acf_changed":false,"_stopmodifiedupdate":false,"_modified_date":"","footnotes":""},"categories":[],"tags":[],"class_list":["post-5062","page","type-page","status-publish"],"acf":[],"_links":{"self":[{"href":"https:\/\/plater.edu.pl\/liceum\/wp-json\/wp\/v2\/pages\/5062","targetHints":{"allow":["GET"]}}],"collection":[{"href":"https:\/\/plater.edu.pl\/liceum\/wp-json\/wp\/v2\/pages"}],"about":[{"href":"https:\/\/plater.edu.pl\/liceum\/wp-json\/wp\/v2\/types\/page"}],"author":[{"embeddable":true,"href":"https:\/\/plater.edu.pl\/liceum\/wp-json\/wp\/v2\/users\/4"}],"replies":[{"embeddable":true,"href":"https:\/\/plater.edu.pl\/liceum\/wp-json\/wp\/v2\/comments?post=5062"}],"version-history":[{"count":6,"href":"https:\/\/plater.edu.pl\/liceum\/wp-json\/wp\/v2\/pages\/5062\/revisions"}],"predecessor-version":[{"id":5069,"href":"https:\/\/plater.edu.pl\/liceum\/wp-json\/wp\/v2\/pages\/5062\/revisions\/5069"}],"wp:attachment":[{"href":"https:\/\/plater.edu.pl\/liceum\/wp-json\/wp\/v2\/media?parent=5062"}],"wp:term":[{"taxonomy":"category","embeddable":true,"href":"https:\/\/plater.edu.pl\/liceum\/wp-json\/wp\/v2\/categories?post=5062"},{"taxonomy":"post_tag","embeddable":true,"href":"https:\/\/plater.edu.pl\/liceum\/wp-json\/wp\/v2\/tags?post=5062"}],"curies":[{"name":"wp","href":"https:\/\/api.w.org\/{rel}","templated":true}]}}