{"id":5503,"date":"2025-04-05T14:52:12","date_gmt":"2025-04-05T12:52:12","guid":{"rendered":"https:\/\/plater.edu.pl\/liceum\/?page_id=5503"},"modified":"2025-06-18T15:18:07","modified_gmt":"2025-06-18T13:18:07","slug":"plater-dwujezycznie-main","status":"publish","type":"page","link":"https:\/\/plater.edu.pl\/liceum\/plater-dwujezycznie-main\/","title":{"rendered":"Platera\u0144ski szlak dwuj\u0119zyczny"},"content":{"rendered":"<div id=\"tdi_1\" class=\"tdc-zone\"><div class=\"tdc_zone tdi_2  wpb_row td-pb-row\"  >\n<style scoped>\n\/* custom css - generated by TagDiv Composer *\/\n\n\/* custom css - generated by TagDiv Composer *\/\n\/* custom css - generated by TagDiv Composer *\/\n.tdi_2{\r\n                    min-height: 0;\r\n                }\n\/* inline tdc_css att - generated by TagDiv Composer *\/\n\n.tdi_2{\nmargin-top:2rem !important;\n}\n\n<\/style><div id=\"tdi_3\" class=\"tdc-row stretch_row_1400 td-stretch-content\"><div class=\"vc_row tdi_4  wpb_row td-pb-row\" >\n<style scoped>\n\/* custom css - generated by TagDiv Composer *\/\n\n\/* custom css - generated by TagDiv Composer *\/\n\/* custom css - generated by TagDiv Composer *\/\n.tdi_4,\r\n                .tdi_4 .tdc-columns{\r\n                    min-height: 0;\r\n                }.tdi_4,\r\n\t\t\t\t.tdi_4 .tdc-columns{\r\n\t\t\t\t    display: block;\r\n\t\t\t\t}.tdi_4 .tdc-columns{\r\n\t\t\t\t    width: 100%;\r\n\t\t\t\t}\n<\/style><div class=\"vc_column tdi_6  wpb_column vc_column_container tdc-column td-pb-span12\">\n<style scoped>\n\/* custom css - generated by TagDiv Composer *\/\n\n\/* custom css - generated by TagDiv Composer *\/\n\/* custom css - generated by TagDiv Composer *\/\n.tdi_6{\r\n                    vertical-align: baseline;\r\n                }.tdi_6 > .wpb_wrapper,\r\n\t\t\t\t.tdi_6 > .wpb_wrapper > .tdc-elements{\r\n\t\t\t\t    display: block;\r\n\t\t\t\t}.tdi_6 > .wpb_wrapper > .tdc-elements{\r\n\t\t\t\t    width: 100%;\r\n\t\t\t\t}.tdi_6 > .wpb_wrapper > .vc_row_inner{\r\n\t\t\t\t    width: auto;\r\n\t\t\t\t}.tdi_6 > .wpb_wrapper{\r\n\t\t\t\t    width: auto;\r\n\t\t\t\t    height: auto;\r\n\t\t\t\t}\n<\/style><div class=\"wpb_wrapper\" ><div class=\"tdm_block td_block_wrap tdm_block_inline_image tdi_7 td-animation-stack tdm-inline-block tdm-caption-over-image tdm-content-horiz-left td-pb-border-top lo-for-item td_block_template_1\"  data-td-block-uid=\"tdi_7\" >\n<style>\n\n\/* inline tdc_css att - generated by TagDiv Composer *\/\n\n.tdi_7{\nmargin-top:1rem !important;\nmargin-right:1rem !important;\nmargin-bottom:1rem !important;\nmargin-left:1rem !important;\n}\n\n<\/style>\n<style>\n\/* custom css - generated by TagDiv Composer *\/\n\/* custom css - generated by TagDiv Composer *\/\n.tdm_block.tdm_block_inline_image{\r\n                  position: relative;\r\n                  margin-bottom: 0;\r\n                  line-height: 0;\r\n                }.tdm_block.tdm_block_inline_image .tdm-inline-image-wrap{\r\n                  position: relative;\r\n                  display: inline-block;\r\n                }.tdm_block.tdm_block_inline_image .td-image-video-modal{\r\n                  cursor: pointer;\r\n                }.tdm_block.tdm_block_inline_image .tdm-caption{\r\n                  width: 100%;\r\n                  font-family: Verdana, BlinkMacSystemFont, -apple-system, \"Segoe UI\", Roboto, Oxygen, Ubuntu, Cantarell, \"Open Sans\", \"Helvetica Neue\", sans-serif;\r\n                  padding-top: 6px;\r\n                  padding-bottom: 6px;\r\n                  font-size: 12px;\r\n                  font-style: italic;\r\n                  font-weight: normal;\r\n                  line-height: 17px;\r\n                  color: #444;\r\n                }.tdm_block.tdm_block_inline_image.tdm-caption-over-image .tdm-caption{\r\n                  position: absolute;\r\n                  left: 0;\r\n                  bottom: 0;\r\n                  margin-top: 0;\r\n                  padding-left: 10px;\r\n                  padding-right: 10px;\r\n                  width: 100%;\r\n                  background: rgba(0, 0, 0, 0.7);\r\n                  color: #fff;\r\n                }body .td-theme-wrap .tdi_7 .tdm-caption{\r\n                    padding-left: 10px;\r\n                    padding-right: 10px;\r\n                    background: -webkit-linear-gradient(270deg,rgba(204,226,226,0.43),var(--job-hunt-accent));background: linear-gradient(270deg,rgba(204,226,226,0.43),var(--job-hunt-accent));\r\n                }.tdi_7{\r\n                    width: 30%;\r\n                }body .tdi_7 .tdm-caption{\r\n\t\t\t\t\ttext-transform:uppercase !important;\r\n\t\t\t\t}.tdi_7 .tdm-inline-image-wrap:hover:before{\r\n                    opacity: 0;\r\n                }\n<\/style><a href=\"plater-dwujezycznie\"   class=\"tdm-inline-image-wrap \" ><img loading=\"lazy\" decoding=\"async\" class=\"tdm-image td-fix-index td-lazy-img\" src=\"data:image\/png;base64,iVBORw0KGgoAAAANSUhEUgAABCwAAAJEAQMAAADnqyfeAAAAA1BMVEWurq51dlI4AAAAAXRSTlMmkutdmwAAAG9JREFUeNrswYEAAAAAgKD9qRepAgAAAAAAAAAAAAAAAAAAAAAAAAAAAAAAAAAAAAAAAAAAAAAAAAAAAAAAAAAAAAAAAAAAAAAAAAAAAADg9uCQAAAAAEDQ\/9fOsAAAAAAAAAAAAAAAAAAAAAAAsAox6wABwRHV3QAAAABJRU5ErkJggg==\" data-type=\"image_tag\" data-img-url=\"https:\/\/plater.edu.pl\/liceum\/wp-content\/uploads\/2025\/06\/1.png\"  title=\"1\" width=\"1020\" height=\"523\"><\/a><div class=\"tdm-caption\">Platera\u0144ski szlak dwuj\u0119zyczny<\/div><\/div><div class=\"tdm_block td_block_wrap tdm_block_inline_image tdi_8 td-animation-stack tdm-inline-block tdm-caption-over-image tdm-content-horiz-left td-pb-border-top lo-for-item td_block_template_1\"  data-td-block-uid=\"tdi_8\" >\n<style>\n\n\/* inline tdc_css att - generated by TagDiv Composer *\/\n\n.tdi_8{\nmargin-top:1rem !important;\nmargin-right:1rem !important;\nmargin-bottom:1rem !important;\nmargin-left:1rem !important;\n}\n\n<\/style>\n<style>\n\/* custom css - generated by TagDiv Composer *\/\n\/* custom css - generated by TagDiv Composer *\/\nbody .td-theme-wrap .tdi_8 .tdm-caption{\r\n                    padding-left: 10px;\r\n                    padding-right: 10px;\r\n                    background: -webkit-linear-gradient(270deg,rgba(204,226,226,0.43),var(--job-hunt-accent));background: linear-gradient(270deg,rgba(204,226,226,0.43),var(--job-hunt-accent));\r\n                }.tdi_8{\r\n                    width: 30%;\r\n                }body .tdi_8 .tdm-caption{\r\n\t\t\t\t\ttext-transform:uppercase !important;\r\n\t\t\t\t}.tdi_8 .tdm-inline-image-wrap:hover:before{\r\n                    opacity: 0;\r\n                }\n<\/style><a href=\"dwujezyczni-wspominaja\"   class=\"tdm-inline-image-wrap \" ><img loading=\"lazy\" decoding=\"async\" class=\"tdm-image td-fix-index td-lazy-img\" src=\"data:image\/png;base64,iVBORw0KGgoAAAANSUhEUgAABCwAAAJEAQMAAADnqyfeAAAAA1BMVEWurq51dlI4AAAAAXRSTlMmkutdmwAAAG9JREFUeNrswYEAAAAAgKD9qRepAgAAAAAAAAAAAAAAAAAAAAAAAAAAAAAAAAAAAAAAAAAAAAAAAAAAAAAAAAAAAAAAAAAAAAAAAAAAAADg9uCQAAAAAEDQ\/9fOsAAAAAAAAAAAAAAAAAAAAAAAsAox6wABwRHV3QAAAABJRU5ErkJggg==\" data-type=\"image_tag\" data-img-url=\"https:\/\/plater.edu.pl\/liceum\/wp-content\/uploads\/2025\/06\/3.png\"  title=\"3\" width=\"1020\" height=\"523\"><\/a><div class=\"tdm-caption\">Dwuj\u0119zyczni wspominaj\u0105<\/div><\/div><div class=\"tdm_block td_block_wrap tdm_block_inline_image tdi_9 td-animation-stack tdm-inline-block tdm-caption-over-image tdm-content-horiz-left td-pb-border-top lo-for-item td_block_template_1\"  data-td-block-uid=\"tdi_9\" >\n<style>\n\n\/* inline tdc_css att - generated by TagDiv Composer *\/\n\n.tdi_9{\nmargin-top:1rem !important;\nmargin-right:1rem !important;\nmargin-bottom:1rem !important;\nmargin-left:1rem !important;\n}\n\n<\/style>\n<style>\n\/* custom css - generated by TagDiv Composer *\/\n\/* custom css - generated by TagDiv Composer *\/\nbody .td-theme-wrap .tdi_9 .tdm-caption{\r\n                    padding-left: 10px;\r\n                    padding-right: 10px;\r\n                    background: -webkit-linear-gradient(270deg,rgba(204,226,226,0.43),var(--job-hunt-accent));background: linear-gradient(270deg,rgba(204,226,226,0.43),var(--job-hunt-accent));\r\n                }.tdi_9{\r\n                    width: 30%;\r\n                }body .tdi_9 .tdm-caption{\r\n\t\t\t\t\ttext-transform:uppercase !important;\r\n\t\t\t\t}.tdi_9 .tdm-inline-image-wrap:hover:before{\r\n                    opacity: 0;\r\n                }\n<\/style><a href=\"dwujezyczni-pokazuja-nam-swoj-jezyk\"   class=\"tdm-inline-image-wrap \" ><img loading=\"lazy\" decoding=\"async\" class=\"tdm-image td-fix-index td-lazy-img\" src=\"data:image\/png;base64,iVBORw0KGgoAAAANSUhEUgAABCwAAAJEAQMAAADnqyfeAAAAA1BMVEWurq51dlI4AAAAAXRSTlMmkutdmwAAAG9JREFUeNrswYEAAAAAgKD9qRepAgAAAAAAAAAAAAAAAAAAAAAAAAAAAAAAAAAAAAAAAAAAAAAAAAAAAAAAAAAAAAAAAAAAAAAAAAAAAADg9uCQAAAAAEDQ\/9fOsAAAAAAAAAAAAAAAAAAAAAAAsAox6wABwRHV3QAAAABJRU5ErkJggg==\" data-type=\"image_tag\" data-img-url=\"https:\/\/plater.edu.pl\/liceum\/wp-content\/uploads\/2025\/06\/2.png\"  title=\"2\" width=\"1020\" height=\"523\"><\/a><div class=\"tdm-caption\">Dwuj\u0119zyczni pokazuj\u0105 nam sw\u00f3j j\u0119zyk<\/div><\/div><\/div><\/div><\/div><\/div><div id=\"tdi_10\" class=\"tdc-row stretch_row_1400 td-stretch-content\"><div class=\"vc_row tdi_11  wpb_row td-pb-row\" >\n<style scoped>\n\/* custom css - generated by TagDiv Composer *\/\n\n\/* custom css - generated by TagDiv Composer *\/\n\/* custom css - generated by TagDiv Composer *\/\n.tdi_11,\r\n                .tdi_11 .tdc-columns{\r\n                    min-height: 0;\r\n                }.tdi_11,\r\n\t\t\t\t.tdi_11 .tdc-columns{\r\n\t\t\t\t    display: block;\r\n\t\t\t\t}.tdi_11 .tdc-columns{\r\n\t\t\t\t    width: 100%;\r\n\t\t\t\t}\n\/* inline tdc_css att - generated by TagDiv Composer *\/\n\n.tdi_11{\nmargin-top:2rem !important;\n}\n\n.tdi_11 .td_block_wrap{ text-align:left }\n\n<\/style><div class=\"vc_column tdi_13  wpb_column vc_column_container tdc-column td-pb-span12\">\n<style scoped>\n\/* custom css - generated by TagDiv Composer *\/\n\n\/* custom css - generated by TagDiv Composer *\/\n\/* custom css - generated by TagDiv Composer *\/\n.tdi_13{\r\n                    vertical-align: baseline;\r\n                }.tdi_13 > .wpb_wrapper,\r\n\t\t\t\t.tdi_13 > .wpb_wrapper > .tdc-elements{\r\n\t\t\t\t    display: block;\r\n\t\t\t\t}.tdi_13 > .wpb_wrapper > .tdc-elements{\r\n\t\t\t\t    width: 100%;\r\n\t\t\t\t}.tdi_13 > .wpb_wrapper > .vc_row_inner{\r\n\t\t\t\t    width: auto;\r\n\t\t\t\t}.tdi_13 > .wpb_wrapper{\r\n\t\t\t\t    width: auto;\r\n\t\t\t\t    height: auto;\r\n\t\t\t\t}\n<\/style><div class=\"wpb_wrapper\" ><div class=\"td_block_wrap td_block_raw_css tdi_14 td-pb-border-top td_block_template_1\"  data-td-block-uid=\"tdi_14\" ><div id=tdi_14 class=\"td_block_inner td-fix-index\"><style>.lo-item-hover:hover {\n  box-shadow: 0 0 11px rgba(33, 33, 33, 0.2);\n  -webkit-transform: scale(1.1);\n  -moz-transform: scale(1.1);\n  -ms-transform: scale(1.1);\n  -o-transform: scale(1.1);\n  transform: scale(1.1);\n}\n.lo-item-hove2r:hover {\n  box-shadow: 0 0 11px rgba(33, 33, 33, 0.2);\n}\n<\/style><\/div><\/div><\/div><\/div><\/div><\/div><\/div><\/div>","protected":false},"excerpt":{"rendered":"","protected":false},"author":1,"featured_media":0,"parent":0,"menu_order":0,"comment_status":"closed","ping_status":"closed","template":"","meta":{"_acf_changed":false,"_stopmodifiedupdate":false,"_modified_date":"","footnotes":""},"categories":[146,89],"tags":[],"class_list":{"0":"post-5503","1":"page","2":"type-page","3":"status-publish","5":"category-plater-dwujezycznie","6":"category-strona"},"acf":[],"_links":{"self":[{"href":"https:\/\/plater.edu.pl\/liceum\/wp-json\/wp\/v2\/pages\/5503","targetHints":{"allow":["GET"]}}],"collection":[{"href":"https:\/\/plater.edu.pl\/liceum\/wp-json\/wp\/v2\/pages"}],"about":[{"href":"https:\/\/plater.edu.pl\/liceum\/wp-json\/wp\/v2\/types\/page"}],"author":[{"embeddable":true,"href":"https:\/\/plater.edu.pl\/liceum\/wp-json\/wp\/v2\/users\/1"}],"replies":[{"embeddable":true,"href":"https:\/\/plater.edu.pl\/liceum\/wp-json\/wp\/v2\/comments?post=5503"}],"version-history":[{"count":5,"href":"https:\/\/plater.edu.pl\/liceum\/wp-json\/wp\/v2\/pages\/5503\/revisions"}],"predecessor-version":[{"id":5993,"href":"https:\/\/plater.edu.pl\/liceum\/wp-json\/wp\/v2\/pages\/5503\/revisions\/5993"}],"wp:attachment":[{"href":"https:\/\/plater.edu.pl\/liceum\/wp-json\/wp\/v2\/media?parent=5503"}],"wp:term":[{"taxonomy":"category","embeddable":true,"href":"https:\/\/plater.edu.pl\/liceum\/wp-json\/wp\/v2\/categories?post=5503"},{"taxonomy":"post_tag","embeddable":true,"href":"https:\/\/plater.edu.pl\/liceum\/wp-json\/wp\/v2\/tags?post=5503"}],"curies":[{"name":"wp","href":"https:\/\/api.w.org\/{rel}","templated":true}]}}